{"id":787,"date":"2025-01-10T20:46:38","date_gmt":"2025-01-10T20:46:38","guid":{"rendered":"https:\/\/www.igatumaquinas.com.br\/mahindra\/?page_id=787"},"modified":"2025-01-16T02:01:44","modified_gmt":"2025-01-16T02:01:44","slug":"mitra-200-l","status":"publish","type":"page","link":"https:\/\/www.igatumaquinas.com.br\/mahindra\/mitra-200-l\/","title":{"rendered":"MITRA 200 L"},"content":{"rendered":"\t\t<div data-elementor-type=\"wp-page\" data-elementor-id=\"787\" class=\"elementor elementor-787\" data-elementor-post-type=\"page\">\n\t\t\t\t<div class=\"elementor-element elementor-element-e9c5cc8 e-flex e-con-boxed e-con e-parent\" data-id=\"e9c5cc8\" data-element_type=\"container\" data-e-type=\"container\" data-settings=\"{&quot;background_background&quot;:&quot;classic&quot;}\">\n\t\t\t\t\t<div class=\"e-con-inner\">\n\t\t<div class=\"elementor-element elementor-element-6242d2a9 e-con-full e-flex e-con e-child\" data-id=\"6242d2a9\" data-element_type=\"container\" data-e-type=\"container\">\n\t\t\t\t<div class=\"elementor-element elementor-element-3be0c50f elementor-widget elementor-widget-image\" data-id=\"3be0c50f\" data-element_type=\"widget\" data-e-type=\"widget\" data-widget_type=\"image.default\">\n\t\t\t\t<div class=\"elementor-widget-container\">\n\t\t\t\t\t\t\t\t\t\t\t\t\t\t\t<img fetchpriority=\"high\" decoding=\"async\" width=\"800\" height=\"800\" src=\"https:\/\/www.igatumaquinas.com.br\/mahindra\/wp-content\/uploads\/2025\/01\/Design-sem-nome-14.png\" class=\"attachment-large size-large wp-image-873\" alt=\"\" srcset=\"https:\/\/www.igatumaquinas.com.br\/mahindra\/wp-content\/uploads\/2025\/01\/Design-sem-nome-14.png 900w, https:\/\/www.igatumaquinas.com.br\/mahindra\/wp-content\/uploads\/2025\/01\/Design-sem-nome-14-300x300.png 300w, https:\/\/www.igatumaquinas.com.br\/mahindra\/wp-content\/uploads\/2025\/01\/Design-sem-nome-14-150x150.png 150w, https:\/\/www.igatumaquinas.com.br\/mahindra\/wp-content\/uploads\/2025\/01\/Design-sem-nome-14-768x768.png 768w\" sizes=\"(max-width: 800px) 100vw, 800px\" \/>\t\t\t\t\t\t\t\t\t\t\t\t\t\t\t<\/div>\n\t\t\t\t<\/div>\n\t\t\t\t<\/div>\n\t\t<div class=\"elementor-element elementor-element-625b60c9 e-con-full e-flex e-con e-child\" data-id=\"625b60c9\" data-element_type=\"container\" data-e-type=\"container\" data-settings=\"{&quot;background_background&quot;:&quot;classic&quot;}\">\n\t\t\t\t<div class=\"elementor-element elementor-element-23feb7e9 elementor-widget elementor-widget-heading\" data-id=\"23feb7e9\" data-element_type=\"widget\" data-e-type=\"widget\" data-widget_type=\"heading.default\">\n\t\t\t\t<div class=\"elementor-widget-container\">\n\t\t\t\t\t<h2 class=\"elementor-heading-title elementor-size-default\">mitra 200l<\/h2>\t\t\t\t<\/div>\n\t\t\t\t<\/div>\n\t\t\t\t<\/div>\n\t\t\t\t\t<\/div>\n\t\t\t\t<\/div>\n\t\t<div class=\"elementor-element elementor-element-c7e8be e-flex e-con-boxed e-con e-parent\" data-id=\"c7e8be\" data-element_type=\"container\" data-e-type=\"container\">\n\t\t\t\t\t<div class=\"e-con-inner\">\n\t\t<div class=\"elementor-element elementor-element-1150d660 e-con-full e-flex e-con e-child\" data-id=\"1150d660\" data-element_type=\"container\" data-e-type=\"container\">\n\t\t\t\t<div class=\"elementor-element elementor-element-73b8467 elementor-widget elementor-widget-text-editor\" data-id=\"73b8467\" data-element_type=\"widget\" data-e-type=\"widget\" data-widget_type=\"text-editor.default\">\n\t\t\t\t<div class=\"elementor-widget-container\">\n\t\t\t\t\t\t\t\t\t<p>O pulverizador\u00a0<strong>Airotec Turbo 200 litros<\/strong>\u00a0foi projetado para aplica\u00e7\u00f5es nas mais variadas culturas como por exemplo uva e outros pomares. Possui tanque com capacidade de<strong>\u00a0200 litros<\/strong>\u00a0com indicador de n\u00edvel, permitindo uma pulveriza\u00e7\u00e3o eficiente em pequenas \u00e1reas de terreno sem qualquer restri\u00e7\u00e3o de giro. Equipado com agitador, este pulverizador proporciona a mistura adequada dos produtos qu\u00edmicos dentro do tanque. No geral, o pulverizador\u00a0<strong>Airotec Turbo de 200 litros<\/strong>\u00a0oferece uma combina\u00e7\u00e3o de capacidade, controle e efici\u00eancia, tornando-o adequado para diversas aplica\u00e7\u00f5es de prote\u00e7\u00e3o e manuten\u00e7\u00e3o da planta.<\/p>\t\t\t\t\t\t\t\t<\/div>\n\t\t\t\t<\/div>\n\t\t\t\t<div class=\"elementor-element elementor-element-e8814bd elementor-widget elementor-widget-image\" data-id=\"e8814bd\" data-element_type=\"widget\" data-e-type=\"widget\" data-widget_type=\"image.default\">\n\t\t\t\t<div class=\"elementor-widget-container\">\n\t\t\t\t\t\t\t\t\t\t\t\t\t\t\t<img decoding=\"async\" width=\"669\" height=\"465\" src=\"https:\/\/www.igatumaquinas.com.br\/mahindra\/wp-content\/uploads\/2025\/01\/200-litros.png\" class=\"attachment-large size-large wp-image-877\" alt=\"\" srcset=\"https:\/\/www.igatumaquinas.com.br\/mahindra\/wp-content\/uploads\/2025\/01\/200-litros.png 669w, https:\/\/www.igatumaquinas.com.br\/mahindra\/wp-content\/uploads\/2025\/01\/200-litros-300x209.png 300w\" sizes=\"(max-width: 669px) 100vw, 669px\" \/>\t\t\t\t\t\t\t\t\t\t\t\t\t\t\t<\/div>\n\t\t\t\t<\/div>\n\t\t\t\t<div class=\"elementor-element elementor-element-76205369 elementor-mobile-align-center elementor-widget elementor-widget-button\" data-id=\"76205369\" data-element_type=\"widget\" data-e-type=\"widget\" data-widget_type=\"button.default\">\n\t\t\t\t<div class=\"elementor-widget-container\">\n\t\t\t\t\t\t\t\t\t<div class=\"elementor-button-wrapper\">\n\t\t\t\t\t<a class=\"elementor-button elementor-button-link elementor-size-sm elementor-animation-hang\" href=\"#elementor-action%3Aaction%3Dpopup%3Aopen%26settings%3DeyJpZCI6IjY4MCIsInRvZ2dsZSI6ZmFsc2V9\">\n\t\t\t\t\t\t<span class=\"elementor-button-content-wrapper\">\n\t\t\t\t\t\t\t\t\t<span class=\"elementor-button-text\">Ficha T\u00e9cnica<\/span>\n\t\t\t\t\t<\/span>\n\t\t\t\t\t<\/a>\n\t\t\t\t<\/div>\n\t\t\t\t\t\t\t\t<\/div>\n\t\t\t\t<\/div>\n\t\t\t\t<\/div>\n\t\t<div class=\"elementor-element elementor-element-3773f7eb e-con-full e-flex e-con e-child\" data-id=\"3773f7eb\" data-element_type=\"container\" data-e-type=\"container\">\n\t\t\t\t<div class=\"elementor-element elementor-element-793570d2 elementor-widget elementor-widget-heading\" data-id=\"793570d2\" data-element_type=\"widget\" data-e-type=\"widget\" data-widget_type=\"heading.default\">\n\t\t\t\t<div class=\"elementor-widget-container\">\n\t\t\t\t\t<h2 class=\"elementor-heading-title elementor-size-default\">Mitra 200l<\/h2>\t\t\t\t<\/div>\n\t\t\t\t<\/div>\n\t\t\t\t<div class=\"elementor-element elementor-element-1d472ea0 elementor-widget elementor-widget-text-editor\" data-id=\"1d472ea0\" data-element_type=\"widget\" data-e-type=\"widget\" data-widget_type=\"text-editor.default\">\n\t\t\t\t<div class=\"elementor-widget-container\">\n\t\t\t\t\t\t\t\t\t<p>Alta Resist\u00eancia<\/p><p>Caixa do Ventilador de A\u00e7o Inox para evitar a corros\u00e3o e desgastes gerado pelo uso de produtos qu\u00edmicos, a carca\u00e7a do ventilador \u00e9 de a\u00e7o inoxid\u00e1vel.<\/p>\t\t\t\t\t\t\t\t<\/div>\n\t\t\t\t<\/div>\n\t\t\t\t<div class=\"elementor-element elementor-element-defb11a elementor-widget-divider--view-line elementor-widget elementor-widget-divider\" data-id=\"defb11a\" data-element_type=\"widget\" data-e-type=\"widget\" data-widget_type=\"divider.default\">\n\t\t\t\t<div class=\"elementor-widget-container\">\n\t\t\t\t\t\t\t<div class=\"elementor-divider\">\n\t\t\t<span class=\"elementor-divider-separator\">\n\t\t\t\t\t\t<\/span>\n\t\t<\/div>\n\t\t\t\t\t\t<\/div>\n\t\t\t\t<\/div>\n\t\t\t\t<div class=\"elementor-element elementor-element-71af2260 elementor-widget elementor-widget-text-editor\" data-id=\"71af2260\" data-element_type=\"widget\" data-e-type=\"widget\" data-widget_type=\"text-editor.default\">\n\t\t\t\t<div class=\"elementor-widget-container\">\n\t\t\t\t\t\t\t\t\t<p>Versatilidade na pulveriza\u00e7\u00e3o<\/p><p>\u00a0No mesmo pulverizador, podemos obter pulveriza\u00e7\u00e3o de baixo e alto volume com controlador de 5 modos e bicos de 2 vias.<\/p>\t\t\t\t\t\t\t\t<\/div>\n\t\t\t\t<\/div>\n\t\t\t\t<div class=\"elementor-element elementor-element-378fe45f elementor-widget-divider--view-line elementor-widget elementor-widget-divider\" data-id=\"378fe45f\" data-element_type=\"widget\" data-e-type=\"widget\" data-widget_type=\"divider.default\">\n\t\t\t\t<div class=\"elementor-widget-container\">\n\t\t\t\t\t\t\t<div class=\"elementor-divider\">\n\t\t\t<span class=\"elementor-divider-separator\">\n\t\t\t\t\t\t<\/span>\n\t\t<\/div>\n\t\t\t\t\t\t<\/div>\n\t\t\t\t<\/div>\n\t\t\t\t<div class=\"elementor-element elementor-element-6af26320 elementor-widget elementor-widget-text-editor\" data-id=\"6af26320\" data-element_type=\"widget\" data-e-type=\"widget\" data-widget_type=\"text-editor.default\">\n\t\t\t\t<div class=\"elementor-widget-container\">\n\t\t\t\t\t\t\t\t\t<p>Versatilidade na sa\u00edda de ar<\/p><p>\u00a0Podemos controlar a sa\u00edda de ar com a ajuda de 2 velocidades + caixa de c\u00e2mbio neutra de acordo com a copa da nossa \u00e1rvore.<\/p>\t\t\t\t\t\t\t\t<\/div>\n\t\t\t\t<\/div>\n\t\t\t\t<div class=\"elementor-element elementor-element-7570a45b elementor-widget-divider--view-line elementor-widget elementor-widget-divider\" data-id=\"7570a45b\" data-element_type=\"widget\" data-e-type=\"widget\" data-widget_type=\"divider.default\">\n\t\t\t\t<div class=\"elementor-widget-container\">\n\t\t\t\t\t\t\t<div class=\"elementor-divider\">\n\t\t\t<span class=\"elementor-divider-separator\">\n\t\t\t\t\t\t<\/span>\n\t\t<\/div>\n\t\t\t\t\t\t<\/div>\n\t\t\t\t<\/div>\n\t\t\t\t<div class=\"elementor-element elementor-element-8bbd899 elementor-widget elementor-widget-text-editor\" data-id=\"8bbd899\" data-element_type=\"widget\" data-e-type=\"widget\" data-widget_type=\"text-editor.default\">\n\t\t\t\t<div class=\"elementor-widget-container\">\n\t\t\t\t\t\t\t\t\t<p>Dispositivos de seguran\u00e7a<\/p><p>V\u00e1lvula limitadora de press\u00e3o para prote\u00e7\u00e3o da<br \/>bomba contra excesso de press\u00e3o e P\u00e1ra-choque para proteger o<br \/>pulverizador.<\/p>\t\t\t\t\t\t\t\t<\/div>\n\t\t\t\t<\/div>\n\t\t\t\t<div class=\"elementor-element elementor-element-3ab78a14 elementor-widget-divider--view-line elementor-widget elementor-widget-divider\" data-id=\"3ab78a14\" data-element_type=\"widget\" data-e-type=\"widget\" data-widget_type=\"divider.default\">\n\t\t\t\t<div class=\"elementor-widget-container\">\n\t\t\t\t\t\t\t<div class=\"elementor-divider\">\n\t\t\t<span class=\"elementor-divider-separator\">\n\t\t\t\t\t\t<\/span>\n\t\t<\/div>\n\t\t\t\t\t\t<\/div>\n\t\t\t\t<\/div>\n\t\t\t\t<div class=\"elementor-element elementor-element-4b23037f elementor-widget elementor-widget-text-editor\" data-id=\"4b23037f\" data-element_type=\"widget\" data-e-type=\"widget\" data-widget_type=\"text-editor.default\">\n\t\t\t\t<div class=\"elementor-widget-container\">\n\t\t\t\t\t\t\t\t\t<p>Sistema de Agita\u00e7\u00e3o<\/p><p>Proporciona uma mistura continua no tanque<\/p>\t\t\t\t\t\t\t\t<\/div>\n\t\t\t\t<\/div>\n\t\t\t\t<div class=\"elementor-element elementor-element-e11558e elementor-widget-divider--view-line elementor-widget elementor-widget-divider\" data-id=\"e11558e\" data-element_type=\"widget\" data-e-type=\"widget\" data-widget_type=\"divider.default\">\n\t\t\t\t<div class=\"elementor-widget-container\">\n\t\t\t\t\t\t\t<div class=\"elementor-divider\">\n\t\t\t<span class=\"elementor-divider-separator\">\n\t\t\t\t\t\t<\/span>\n\t\t<\/div>\n\t\t\t\t\t\t<\/div>\n\t\t\t\t<\/div>\n\t\t\t\t<div class=\"elementor-element elementor-element-29a7f01 elementor-widget elementor-widget-text-editor\" data-id=\"29a7f01\" data-element_type=\"widget\" data-e-type=\"widget\" data-widget_type=\"text-editor.default\">\n\t\t\t\t<div class=\"elementor-widget-container\">\n\t\t\t\t\t\t\t\t\t<p>Sistema de filtragem dupla<\/p><p>Garante uma opera\u00e7\u00e3o de pulveriza\u00e7\u00e3o suave.<\/p>\t\t\t\t\t\t\t\t<\/div>\n\t\t\t\t<\/div>\n\t\t\t\t<div class=\"elementor-element elementor-element-e2f3d01 elementor-widget-divider--view-line elementor-widget elementor-widget-divider\" data-id=\"e2f3d01\" data-element_type=\"widget\" data-e-type=\"widget\" data-widget_type=\"divider.default\">\n\t\t\t\t<div class=\"elementor-widget-container\">\n\t\t\t\t\t\t\t<div class=\"elementor-divider\">\n\t\t\t<span class=\"elementor-divider-separator\">\n\t\t\t\t\t\t<\/span>\n\t\t<\/div>\n\t\t\t\t\t\t<\/div>\n\t\t\t\t<\/div>\n\t\t\t\t<div class=\"elementor-element elementor-element-ae6bbbc elementor-widget elementor-widget-text-editor\" data-id=\"ae6bbbc\" data-element_type=\"widget\" data-e-type=\"widget\" data-widget_type=\"text-editor.default\">\n\t\t\t\t<div class=\"elementor-widget-container\">\n\t\t\t\t\t\t\t\t\t<p>Design robusto e mais eficiente<\/p><p>Tanque de material HDPE \u2013 polietileno de alta densidade, chassi galvanizado por imers\u00e3o a quente, carca\u00e7a do ventilador em a\u00e7o inoxid\u00e1vel 304 aumentam a durabilidade do pulverizador<\/p>\t\t\t\t\t\t\t\t<\/div>\n\t\t\t\t<\/div>\n\t\t\t\t<div class=\"elementor-element elementor-element-58125f4 elementor-widget-divider--view-line elementor-widget elementor-widget-divider\" data-id=\"58125f4\" data-element_type=\"widget\" data-e-type=\"widget\" data-widget_type=\"divider.default\">\n\t\t\t\t<div class=\"elementor-widget-container\">\n\t\t\t\t\t\t\t<div class=\"elementor-divider\">\n\t\t\t<span class=\"elementor-divider-separator\">\n\t\t\t\t\t\t<\/span>\n\t\t<\/div>\n\t\t\t\t\t\t<\/div>\n\t\t\t\t<\/div>\n\t\t\t\t<\/div>\n\t\t\t\t\t<\/div>\n\t\t\t\t<\/div>\n\t\t<div class=\"elementor-element elementor-element-951f03b e-flex e-con-boxed e-con e-parent\" data-id=\"951f03b\" data-element_type=\"container\" data-e-type=\"container\">\n\t\t\t\t\t<div class=\"e-con-inner\">\n\t\t\t\t<div class=\"elementor-element elementor-element-9f9aa39 elementor-align-center elementor-widget elementor-widget-button\" data-id=\"9f9aa39\" data-element_type=\"widget\" data-e-type=\"widget\" data-widget_type=\"button.default\">\n\t\t\t\t<div class=\"elementor-widget-container\">\n\t\t\t\t\t\t\t\t\t<div class=\"elementor-button-wrapper\">\n\t\t\t\t\t<a class=\"elementor-button elementor-button-link elementor-size-sm elementor-animation-hang\" href=\"#elementor-action%3Aaction%3Dpopup%3Aopen%26settings%3DeyJpZCI6IjcwNSIsInRvZ2dsZSI6ZmFsc2V9\">\n\t\t\t\t\t\t<span class=\"elementor-button-content-wrapper\">\n\t\t\t\t\t\t\t\t\t<span class=\"elementor-button-text\">Falar com um Consultor<\/span>\n\t\t\t\t\t<\/span>\n\t\t\t\t\t<\/a>\n\t\t\t\t<\/div>\n\t\t\t\t\t\t\t\t<\/div>\n\t\t\t\t<\/div>\n\t\t\t\t\t<\/div>\n\t\t\t\t<\/div>\n\t\t\t\t<\/div>\n\t\t","protected":false},"excerpt":{"rendered":"<p>mitra 200l O pulverizador\u00a0Airotec Turbo 200 litros\u00a0foi projetado para aplica\u00e7\u00f5es nas mais variadas culturas como por exemplo uva e outros pomares. Possui tanque com capacidade de\u00a0200 litros\u00a0com indicador de n\u00edvel, permitindo uma pulveriza\u00e7\u00e3o eficiente em pequenas \u00e1reas de terreno sem qualquer restri\u00e7\u00e3o de giro. Equipado com agitador, este pulverizador proporciona a mistura adequada dos produtos [&hellip;]<\/p>\n","protected":false},"author":2,"featured_media":0,"parent":0,"menu_order":0,"comment_status":"closed","ping_status":"closed","template":"elementor_header_footer","meta":{"footnotes":""},"class_list":["post-787","page","type-page","status-publish","hentry"],"_links":{"self":[{"href":"https:\/\/www.igatumaquinas.com.br\/mahindra\/wp-json\/wp\/v2\/pages\/787","targetHints":{"allow":["GET"]}}],"collection":[{"href":"https:\/\/www.igatumaquinas.com.br\/mahindra\/wp-json\/wp\/v2\/pages"}],"about":[{"href":"https:\/\/www.igatumaquinas.com.br\/mahindra\/wp-json\/wp\/v2\/types\/page"}],"author":[{"embeddable":true,"href":"https:\/\/www.igatumaquinas.com.br\/mahindra\/wp-json\/wp\/v2\/users\/2"}],"replies":[{"embeddable":true,"href":"https:\/\/www.igatumaquinas.com.br\/mahindra\/wp-json\/wp\/v2\/comments?post=787"}],"version-history":[{"count":22,"href":"https:\/\/www.igatumaquinas.com.br\/mahindra\/wp-json\/wp\/v2\/pages\/787\/revisions"}],"predecessor-version":[{"id":1307,"href":"https:\/\/www.igatumaquinas.com.br\/mahindra\/wp-json\/wp\/v2\/pages\/787\/revisions\/1307"}],"wp:attachment":[{"href":"https:\/\/www.igatumaquinas.com.br\/mahindra\/wp-json\/wp\/v2\/media?parent=787"}],"curies":[{"name":"wp","href":"https:\/\/api.w.org\/{rel}","templated":true}]}}