{"id":778,"date":"2025-01-10T17:40:47","date_gmt":"2025-01-10T17:40:47","guid":{"rendered":"https:\/\/www.igatumaquinas.com.br\/mahindra\/?page_id=778"},"modified":"2025-01-21T03:19:59","modified_gmt":"2025-01-21T03:19:59","slug":"trator-7095","status":"publish","type":"page","link":"https:\/\/www.igatumaquinas.com.br\/mahindra\/trator-7095\/","title":{"rendered":"Trator 7095 mahindra"},"content":{"rendered":"\t\t<div data-elementor-type=\"wp-page\" data-elementor-id=\"778\" class=\"elementor elementor-778\" data-elementor-post-type=\"page\">\n\t\t\t\t<div class=\"elementor-element elementor-element-11f4ed9 e-flex e-con-boxed e-con e-parent\" data-id=\"11f4ed9\" data-element_type=\"container\" data-e-type=\"container\" data-settings=\"{&quot;background_background&quot;:&quot;classic&quot;}\">\n\t\t\t\t\t<div class=\"e-con-inner\">\n\t\t<div class=\"elementor-element elementor-element-5ad8c2da e-con-full e-flex e-con e-child\" data-id=\"5ad8c2da\" data-element_type=\"container\" data-e-type=\"container\">\n\t\t\t\t<div class=\"elementor-element elementor-element-f74c6fa elementor-widget elementor-widget-image\" data-id=\"f74c6fa\" data-element_type=\"widget\" data-e-type=\"widget\" data-widget_type=\"image.default\">\n\t\t\t\t<div class=\"elementor-widget-container\">\n\t\t\t\t\t\t\t\t\t\t\t\t\t\t\t<img fetchpriority=\"high\" decoding=\"async\" width=\"722\" height=\"540\" src=\"https:\/\/www.igatumaquinas.com.br\/mahindra\/wp-content\/uploads\/2025\/01\/Design-semaaaaaaaaaaaaaaaa-nome-12.png\" class=\"attachment-large size-large wp-image-1083\" alt=\"\" srcset=\"https:\/\/www.igatumaquinas.com.br\/mahindra\/wp-content\/uploads\/2025\/01\/Design-semaaaaaaaaaaaaaaaa-nome-12.png 722w, https:\/\/www.igatumaquinas.com.br\/mahindra\/wp-content\/uploads\/2025\/01\/Design-semaaaaaaaaaaaaaaaa-nome-12-300x224.png 300w\" sizes=\"(max-width: 722px) 100vw, 722px\" \/>\t\t\t\t\t\t\t\t\t\t\t\t\t\t\t<\/div>\n\t\t\t\t<\/div>\n\t\t\t\t<\/div>\n\t\t<div class=\"elementor-element elementor-element-4e1ae0da e-con-full e-flex e-con e-child\" data-id=\"4e1ae0da\" data-element_type=\"container\" data-e-type=\"container\" data-settings=\"{&quot;background_background&quot;:&quot;classic&quot;}\">\n\t\t\t\t<div class=\"elementor-element elementor-element-6c10d7cb elementor-widget elementor-widget-heading\" data-id=\"6c10d7cb\" data-element_type=\"widget\" data-e-type=\"widget\" data-widget_type=\"heading.default\">\n\t\t\t\t<div class=\"elementor-widget-container\">\n\t\t\t\t\t<h2 class=\"elementor-heading-title elementor-size-default\">7095<\/h2>\t\t\t\t<\/div>\n\t\t\t\t<\/div>\n\t\t\t\t<\/div>\n\t\t\t\t\t<\/div>\n\t\t\t\t<\/div>\n\t\t<div class=\"elementor-element elementor-element-7859df01 e-flex e-con-boxed e-con e-parent\" data-id=\"7859df01\" data-element_type=\"container\" data-e-type=\"container\">\n\t\t\t\t\t<div class=\"e-con-inner\">\n\t\t<div class=\"elementor-element elementor-element-1a6811ce e-con-full e-flex e-con e-child\" data-id=\"1a6811ce\" data-element_type=\"container\" data-e-type=\"container\">\n\t\t\t\t<div class=\"elementor-element elementor-element-38c783cb elementor-widget elementor-widget-heading\" data-id=\"38c783cb\" data-element_type=\"widget\" data-e-type=\"widget\" data-widget_type=\"heading.default\">\n\t\t\t\t<div class=\"elementor-widget-container\">\n\t\t\t\t\t<h2 class=\"elementor-heading-title elementor-size-default\">Trator Mahindra 7095<\/h2>\t\t\t\t<\/div>\n\t\t\t\t<\/div>\n\t\t\t\t<div class=\"elementor-element elementor-element-6824f9c6 elementor-widget elementor-widget-text-editor\" data-id=\"6824f9c6\" data-element_type=\"widget\" data-e-type=\"widget\" data-widget_type=\"text-editor.default\">\n\t\t\t\t<div class=\"elementor-widget-container\">\n\t\t\t\t\t\t\t\t\t<p>Mais moderno, mais forte e muito mais pr\u00e1tico, o trator Mahindra 7095 (95cv) foi projetado para apresentar novas solu\u00e7\u00f5es ao produtor rural. Oferece design contempor\u00e2neo, melhor ergonomia, cap\u00f4 com abertura total, plataforma integral de opera\u00e7\u00e3o, sistema de ilumina\u00e7\u00e3o por conjunto \u00f3ptico de LED e custo operacional sem igual no mercado brasileiro.<\/p>\t\t\t\t\t\t\t\t<\/div>\n\t\t\t\t<\/div>\n\t\t\t\t<div class=\"elementor-element elementor-element-3d2432f2 elementor-widget elementor-widget-button\" data-id=\"3d2432f2\" data-element_type=\"widget\" data-e-type=\"widget\" data-widget_type=\"button.default\">\n\t\t\t\t<div class=\"elementor-widget-container\">\n\t\t\t\t\t\t\t\t\t<div class=\"elementor-button-wrapper\">\n\t\t\t\t\t<a class=\"elementor-button elementor-button-link elementor-size-sm elementor-animation-hang\" href=\"#elementor-action%3Aaction%3Dpopup%3Aopen%26settings%3DeyJpZCI6IjE0MTYiLCJ0b2dnbGUiOmZhbHNlfQ%3D%3D\">\n\t\t\t\t\t\t<span class=\"elementor-button-content-wrapper\">\n\t\t\t\t\t\t\t\t\t<span class=\"elementor-button-text\">Ficha T\u00e9cnica<\/span>\n\t\t\t\t\t<\/span>\n\t\t\t\t\t<\/a>\n\t\t\t\t<\/div>\n\t\t\t\t\t\t\t\t<\/div>\n\t\t\t\t<\/div>\n\t\t\t\t<\/div>\n\t\t<div class=\"elementor-element elementor-element-196ea0e5 e-con-full e-flex e-con e-child\" data-id=\"196ea0e5\" data-element_type=\"container\" data-e-type=\"container\">\n\t\t\t\t<div class=\"elementor-element elementor-element-232a3f23 elementor-widget elementor-widget-heading\" data-id=\"232a3f23\" data-element_type=\"widget\" data-e-type=\"widget\" data-widget_type=\"heading.default\">\n\t\t\t\t<div class=\"elementor-widget-container\">\n\t\t\t\t\t<h2 class=\"elementor-heading-title elementor-size-default\">DIFERENCIAIS<\/h2>\t\t\t\t<\/div>\n\t\t\t\t<\/div>\n\t\t\t\t<div class=\"elementor-element elementor-element-15816487 elementor-widget elementor-widget-text-editor\" data-id=\"15816487\" data-element_type=\"widget\" data-e-type=\"widget\" data-widget_type=\"text-editor.default\">\n\t\t\t\t<div class=\"elementor-widget-container\">\n\t\t\t\t\t\t\t\t\t<p>Design<\/p><p>Novo design com far\u00f3is modernos de acabamento automotivo e maior efici\u00eancia e luminosidade.<\/p>\t\t\t\t\t\t\t\t<\/div>\n\t\t\t\t<\/div>\n\t\t\t\t<div class=\"elementor-element elementor-element-2db81b07 elementor-widget-divider--view-line elementor-widget elementor-widget-divider\" data-id=\"2db81b07\" data-element_type=\"widget\" data-e-type=\"widget\" data-widget_type=\"divider.default\">\n\t\t\t\t<div class=\"elementor-widget-container\">\n\t\t\t\t\t\t\t<div class=\"elementor-divider\">\n\t\t\t<span class=\"elementor-divider-separator\">\n\t\t\t\t\t\t<\/span>\n\t\t<\/div>\n\t\t\t\t\t\t<\/div>\n\t\t\t\t<\/div>\n\t\t\t\t<div class=\"elementor-element elementor-element-6f229c0 elementor-widget elementor-widget-text-editor\" data-id=\"6f229c0\" data-element_type=\"widget\" data-e-type=\"widget\" data-widget_type=\"text-editor.default\">\n\t\t\t\t<div class=\"elementor-widget-container\">\n\t\t\t\t\t\t\t\t\t<p>Novos Para-lamas<\/p><p>Para-lamas traseiros modernos que possuem lanternas em LED, espa\u00e7o para porta-objetos e ponto de \u201cespera\u201d para inclus\u00e3o do \u201cjoystick\u201d de nossos carregadores frontais.<\/p>\t\t\t\t\t\t\t\t<\/div>\n\t\t\t\t<\/div>\n\t\t\t\t<div class=\"elementor-element elementor-element-75d681ee elementor-widget-divider--view-line elementor-widget elementor-widget-divider\" data-id=\"75d681ee\" data-element_type=\"widget\" data-e-type=\"widget\" data-widget_type=\"divider.default\">\n\t\t\t\t<div class=\"elementor-widget-container\">\n\t\t\t\t\t\t\t<div class=\"elementor-divider\">\n\t\t\t<span class=\"elementor-divider-separator\">\n\t\t\t\t\t\t<\/span>\n\t\t<\/div>\n\t\t\t\t\t\t<\/div>\n\t\t\t\t<\/div>\n\t\t\t\t<div class=\"elementor-element elementor-element-6aaf6df7 elementor-widget elementor-widget-text-editor\" data-id=\"6aaf6df7\" data-element_type=\"widget\" data-e-type=\"widget\" data-widget_type=\"text-editor.default\">\n\t\t\t\t<div class=\"elementor-widget-container\">\n\t\t\t\t\t\t\t\t\t<p>Caixa de C\u00e2mbio<\/p><p>Transmiss\u00e3o sincronizada com reversor mec\u00e2nico (12F + 12R). O reversor oferece controle suave e preciso para o m\u00e1ximo desempenho em opera\u00e7\u00f5es que envolvem muitas manobras.<\/p>\t\t\t\t\t\t\t\t<\/div>\n\t\t\t\t<\/div>\n\t\t\t\t<div class=\"elementor-element elementor-element-41da4e15 elementor-widget-divider--view-line elementor-widget elementor-widget-divider\" data-id=\"41da4e15\" data-element_type=\"widget\" data-e-type=\"widget\" data-widget_type=\"divider.default\">\n\t\t\t\t<div class=\"elementor-widget-container\">\n\t\t\t\t\t\t\t<div class=\"elementor-divider\">\n\t\t\t<span class=\"elementor-divider-separator\">\n\t\t\t\t\t\t<\/span>\n\t\t<\/div>\n\t\t\t\t\t\t<\/div>\n\t\t\t\t<\/div>\n\t\t\t\t<div class=\"elementor-element elementor-element-629b1ade elementor-widget elementor-widget-text-editor\" data-id=\"629b1ade\" data-element_type=\"widget\" data-e-type=\"widget\" data-widget_type=\"text-editor.default\">\n\t\t\t\t<div class=\"elementor-widget-container\">\n\t\t\t\t\t\t\t\t\t<p>Embreagem<\/p><p>Discos de embreagem sinterizados, que possuem maior durabilidade e resist\u00eancia ao desgaste al\u00e9m de grande \u00e1rea de fric\u00e7\u00e3o, permitindo acoplamento suave e ideal.<\/p>\t\t\t\t\t\t\t\t<\/div>\n\t\t\t\t<\/div>\n\t\t\t\t<div class=\"elementor-element elementor-element-489c4779 elementor-widget-divider--view-line elementor-widget elementor-widget-divider\" data-id=\"489c4779\" data-element_type=\"widget\" data-e-type=\"widget\" data-widget_type=\"divider.default\">\n\t\t\t\t<div class=\"elementor-widget-container\">\n\t\t\t\t\t\t\t<div class=\"elementor-divider\">\n\t\t\t<span class=\"elementor-divider-separator\">\n\t\t\t\t\t\t<\/span>\n\t\t<\/div>\n\t\t\t\t\t\t<\/div>\n\t\t\t\t<\/div>\n\t\t\t\t<div class=\"elementor-element elementor-element-2759e129 elementor-widget elementor-widget-text-editor\" data-id=\"2759e129\" data-element_type=\"widget\" data-e-type=\"widget\" data-widget_type=\"text-editor.default\">\n\t\t\t\t<div class=\"elementor-widget-container\">\n\t\t\t\t\t\t\t\t\t<p>Sistema Hidr\u00e1ulico de 3 Pontos<\/p><p>Excelente capacidade de levante, 3.700 kg, o que possibilita o trabalho com equipamentos mais pesados.<\/p>\t\t\t\t\t\t\t\t<\/div>\n\t\t\t\t<\/div>\n\t\t\t\t<\/div>\n\t\t\t\t\t<\/div>\n\t\t\t\t<\/div>\n\t\t<div class=\"elementor-element elementor-element-2e1f900b e-flex e-con-boxed e-con e-parent\" data-id=\"2e1f900b\" data-element_type=\"container\" data-e-type=\"container\" data-settings=\"{&quot;background_background&quot;:&quot;classic&quot;}\">\n\t\t\t\t\t<div class=\"e-con-inner\">\n\t\t\t\t<div class=\"elementor-element elementor-element-5ae4a549 elementor-widget elementor-widget-heading\" data-id=\"5ae4a549\" data-element_type=\"widget\" data-e-type=\"widget\" data-widget_type=\"heading.default\">\n\t\t\t\t<div class=\"elementor-widget-container\">\n\t\t\t\t\t<h2 class=\"elementor-heading-title elementor-size-default\">Galeria<\/h2>\t\t\t\t<\/div>\n\t\t\t\t<\/div>\n\t\t\t\t<div class=\"elementor-element elementor-element-51da1352 elementor-pagination-position-inside elementor-arrows-position-inside elementor-widget elementor-widget-image-carousel\" data-id=\"51da1352\" data-element_type=\"widget\" data-e-type=\"widget\" data-settings=\"{&quot;image_spacing_custom&quot;:{&quot;unit&quot;:&quot;px&quot;,&quot;size&quot;:50,&quot;sizes&quot;:[]},&quot;navigation&quot;:&quot;both&quot;,&quot;autoplay&quot;:&quot;yes&quot;,&quot;pause_on_hover&quot;:&quot;yes&quot;,&quot;pause_on_interaction&quot;:&quot;yes&quot;,&quot;autoplay_speed&quot;:5000,&quot;infinite&quot;:&quot;yes&quot;,&quot;speed&quot;:500,&quot;image_spacing_custom_laptop&quot;:{&quot;unit&quot;:&quot;px&quot;,&quot;size&quot;:&quot;&quot;,&quot;sizes&quot;:[]},&quot;image_spacing_custom_tablet&quot;:{&quot;unit&quot;:&quot;px&quot;,&quot;size&quot;:&quot;&quot;,&quot;sizes&quot;:[]},&quot;image_spacing_custom_mobile&quot;:{&quot;unit&quot;:&quot;px&quot;,&quot;size&quot;:&quot;&quot;,&quot;sizes&quot;:[]}}\" data-widget_type=\"image-carousel.default\">\n\t\t\t\t<div class=\"elementor-widget-container\">\n\t\t\t\t\t\t\t<div class=\"elementor-image-carousel-wrapper swiper\" role=\"region\" aria-roledescription=\"carousel\" aria-label=\"Carrossel de imagens\" dir=\"ltr\">\n\t\t\t<div class=\"elementor-image-carousel swiper-wrapper\" aria-live=\"off\">\n\t\t\t\t\t\t\t\t<div class=\"swiper-slide\" role=\"group\" aria-roledescription=\"slide\" aria-label=\"1 de 8\"><figure class=\"swiper-slide-inner\"><img decoding=\"async\" class=\"swiper-slide-image\" src=\"https:\/\/www.igatumaquinas.com.br\/mahindra\/wp-content\/uploads\/2025\/01\/30042024_Mahindra_Agrishow2024_\u00a9RicardoMatsukawa-5436-scaled.jpg\" alt=\"30042024_Mahindra_Agrishow2024_\u00a9RicardoMatsukawa-5436\" \/><\/figure><\/div><div class=\"swiper-slide\" role=\"group\" aria-roledescription=\"slide\" aria-label=\"2 de 8\"><figure class=\"swiper-slide-inner\"><img decoding=\"async\" class=\"swiper-slide-image\" src=\"https:\/\/www.igatumaquinas.com.br\/mahindra\/wp-content\/uploads\/2025\/01\/30042024_Mahindra_Agrishow2024_\u00a9RicardoMatsukawa-5443-scaled.jpg\" alt=\"30042024_Mahindra_Agrishow2024_\u00a9RicardoMatsukawa-5443\" \/><\/figure><\/div><div class=\"swiper-slide\" role=\"group\" aria-roledescription=\"slide\" aria-label=\"3 de 8\"><figure class=\"swiper-slide-inner\"><img decoding=\"async\" class=\"swiper-slide-image\" src=\"https:\/\/www.igatumaquinas.com.br\/mahindra\/wp-content\/uploads\/2025\/01\/30042024_Mahindra_Agrishow2024_\u00a9RicardoMatsukawa-5446-scaled.jpg\" alt=\"30042024_Mahindra_Agrishow2024_\u00a9RicardoMatsukawa-5446\" \/><\/figure><\/div><div class=\"swiper-slide\" role=\"group\" aria-roledescription=\"slide\" aria-label=\"4 de 8\"><figure class=\"swiper-slide-inner\"><img decoding=\"async\" class=\"swiper-slide-image\" src=\"https:\/\/www.igatumaquinas.com.br\/mahindra\/wp-content\/uploads\/2025\/01\/30042024_Mahindra_Agrishow2024_\u00a9RicardoMatsukawa-5449-scaled.jpg\" alt=\"30042024_Mahindra_Agrishow2024_\u00a9RicardoMatsukawa-5449\" \/><\/figure><\/div><div class=\"swiper-slide\" role=\"group\" aria-roledescription=\"slide\" aria-label=\"5 de 8\"><figure class=\"swiper-slide-inner\"><img decoding=\"async\" class=\"swiper-slide-image\" src=\"https:\/\/www.igatumaquinas.com.br\/mahindra\/wp-content\/uploads\/2025\/01\/30042024_Mahindra_Agrishow2024_\u00a9RicardoMatsukawa-5458-scaled.jpg\" alt=\"30042024_Mahindra_Agrishow2024_\u00a9RicardoMatsukawa-5458\" \/><\/figure><\/div><div class=\"swiper-slide\" role=\"group\" aria-roledescription=\"slide\" aria-label=\"6 de 8\"><figure class=\"swiper-slide-inner\"><img decoding=\"async\" class=\"swiper-slide-image\" src=\"https:\/\/www.igatumaquinas.com.br\/mahindra\/wp-content\/uploads\/2025\/01\/30042024_Mahindra_Agrishow2024_\u00a9RicardoMatsukawa-5462-scaled.jpg\" alt=\"30042024_Mahindra_Agrishow2024_\u00a9RicardoMatsukawa-5462\" \/><\/figure><\/div><div class=\"swiper-slide\" role=\"group\" aria-roledescription=\"slide\" aria-label=\"7 de 8\"><figure class=\"swiper-slide-inner\"><img decoding=\"async\" class=\"swiper-slide-image\" src=\"https:\/\/www.igatumaquinas.com.br\/mahindra\/wp-content\/uploads\/2025\/01\/30042024_Mahindra_Agrishow2024_\u00a9RicardoMatsukawa-5467-scaled.jpg\" alt=\"30042024_Mahindra_Agrishow2024_\u00a9RicardoMatsukawa-5467\" \/><\/figure><\/div><div class=\"swiper-slide\" role=\"group\" aria-roledescription=\"slide\" aria-label=\"8 de 8\"><figure class=\"swiper-slide-inner\"><img decoding=\"async\" class=\"swiper-slide-image\" src=\"https:\/\/www.igatumaquinas.com.br\/mahindra\/wp-content\/uploads\/2025\/01\/7095d-scaled.jpg\" alt=\"7095d\" \/><\/figure><\/div>\t\t\t<\/div>\n\t\t\t\t\t\t\t\t\t\t\t\t<div class=\"elementor-swiper-button elementor-swiper-button-prev\" role=\"button\" tabindex=\"0\">\n\t\t\t\t\t\t<svg aria-hidden=\"true\" class=\"e-font-icon-svg e-eicon-chevron-left\" viewBox=\"0 0 1000 1000\" xmlns=\"http:\/\/www.w3.org\/2000\/svg\"><path d=\"M646 125C629 125 613 133 604 142L308 442C296 454 292 471 292 487 292 504 296 521 308 533L604 854C617 867 629 875 646 875 663 875 679 871 692 858 704 846 713 829 713 812 713 796 708 779 692 767L438 487 692 225C700 217 708 204 708 187 708 171 704 154 692 142 675 129 663 125 646 125Z\"><\/path><\/svg>\t\t\t\t\t<\/div>\n\t\t\t\t\t<div class=\"elementor-swiper-button elementor-swiper-button-next\" role=\"button\" tabindex=\"0\">\n\t\t\t\t\t\t<svg aria-hidden=\"true\" class=\"e-font-icon-svg e-eicon-chevron-right\" viewBox=\"0 0 1000 1000\" xmlns=\"http:\/\/www.w3.org\/2000\/svg\"><path d=\"M696 533C708 521 713 504 713 487 713 471 708 454 696 446L400 146C388 133 375 125 354 125 338 125 325 129 313 142 300 154 292 171 292 187 292 204 296 221 308 233L563 492 304 771C292 783 288 800 288 817 288 833 296 850 308 863 321 871 338 875 354 875 371 875 388 867 400 854L696 533Z\"><\/path><\/svg>\t\t\t\t\t<\/div>\n\t\t\t\t\n\t\t\t\t\t\t\t\t\t<div class=\"swiper-pagination\"><\/div>\n\t\t\t\t\t\t\t\t\t<\/div>\n\t\t\t\t\t\t<\/div>\n\t\t\t\t<\/div>\n\t\t\t\t<div class=\"elementor-element elementor-element-4e24853 elementor-align-center elementor-widget elementor-widget-button\" data-id=\"4e24853\" data-element_type=\"widget\" data-e-type=\"widget\" data-widget_type=\"button.default\">\n\t\t\t\t<div class=\"elementor-widget-container\">\n\t\t\t\t\t\t\t\t\t<div class=\"elementor-button-wrapper\">\n\t\t\t\t\t<a class=\"elementor-button elementor-button-link elementor-size-sm elementor-animation-hang\" href=\"#elementor-action%3Aaction%3Dpopup%3Aopen%26settings%3DeyJpZCI6IjcwNSIsInRvZ2dsZSI6ZmFsc2V9\">\n\t\t\t\t\t\t<span class=\"elementor-button-content-wrapper\">\n\t\t\t\t\t\t\t\t\t<span class=\"elementor-button-text\">Falar com um Consultor<\/span>\n\t\t\t\t\t<\/span>\n\t\t\t\t\t<\/a>\n\t\t\t\t<\/div>\n\t\t\t\t\t\t\t\t<\/div>\n\t\t\t\t<\/div>\n\t\t\t\t\t<\/div>\n\t\t\t\t<\/div>\n\t\t\t\t<\/div>\n\t\t","protected":false},"excerpt":{"rendered":"<p>7095 Trator Mahindra 7095 Mais moderno, mais forte e muito mais pr\u00e1tico, o trator Mahindra 7095 (95cv) foi projetado para apresentar novas solu\u00e7\u00f5es ao produtor rural. Oferece design contempor\u00e2neo, melhor ergonomia, cap\u00f4 com abertura total, plataforma integral de opera\u00e7\u00e3o, sistema de ilumina\u00e7\u00e3o por conjunto \u00f3ptico de LED e custo operacional sem igual no mercado brasileiro. [&hellip;]<\/p>\n","protected":false},"author":2,"featured_media":0,"parent":0,"menu_order":0,"comment_status":"closed","ping_status":"closed","template":"elementor_header_footer","meta":{"footnotes":""},"class_list":["post-778","page","type-page","status-publish","hentry"],"_links":{"self":[{"href":"https:\/\/www.igatumaquinas.com.br\/mahindra\/wp-json\/wp\/v2\/pages\/778","targetHints":{"allow":["GET"]}}],"collection":[{"href":"https:\/\/www.igatumaquinas.com.br\/mahindra\/wp-json\/wp\/v2\/pages"}],"about":[{"href":"https:\/\/www.igatumaquinas.com.br\/mahindra\/wp-json\/wp\/v2\/types\/page"}],"author":[{"embeddable":true,"href":"https:\/\/www.igatumaquinas.com.br\/mahindra\/wp-json\/wp\/v2\/users\/2"}],"replies":[{"embeddable":true,"href":"https:\/\/www.igatumaquinas.com.br\/mahindra\/wp-json\/wp\/v2\/comments?post=778"}],"version-history":[{"count":26,"href":"https:\/\/www.igatumaquinas.com.br\/mahindra\/wp-json\/wp\/v2\/pages\/778\/revisions"}],"predecessor-version":[{"id":1494,"href":"https:\/\/www.igatumaquinas.com.br\/mahindra\/wp-json\/wp\/v2\/pages\/778\/revisions\/1494"}],"wp:attachment":[{"href":"https:\/\/www.igatumaquinas.com.br\/mahindra\/wp-json\/wp\/v2\/media?parent=778"}],"curies":[{"name":"wp","href":"https:\/\/api.w.org\/{rel}","templated":true}]}}