{"id":774,"date":"2025-01-10T17:39:09","date_gmt":"2025-01-10T17:39:09","guid":{"rendered":"https:\/\/www.igatumaquinas.com.br\/mahindra\/?page_id=774"},"modified":"2025-01-21T03:14:29","modified_gmt":"2025-01-21T03:14:29","slug":"trator-6075-e-mahindra","status":"publish","type":"page","link":"https:\/\/www.igatumaquinas.com.br\/mahindra\/trator-6075-e-mahindra\/","title":{"rendered":"Trator 6075 E mahindra"},"content":{"rendered":"\t\t<div data-elementor-type=\"wp-page\" data-elementor-id=\"774\" class=\"elementor elementor-774\" data-elementor-post-type=\"page\">\n\t\t\t\t<div class=\"elementor-element elementor-element-12fafc73 e-flex e-con-boxed e-con e-parent\" data-id=\"12fafc73\" data-element_type=\"container\" data-e-type=\"container\" data-settings=\"{&quot;background_background&quot;:&quot;classic&quot;}\">\n\t\t\t\t\t<div class=\"e-con-inner\">\n\t\t<div class=\"elementor-element elementor-element-30e23e90 e-con-full e-flex e-con e-child\" data-id=\"30e23e90\" data-element_type=\"container\" data-e-type=\"container\">\n\t\t\t\t<div class=\"elementor-element elementor-element-691a65fd elementor-widget elementor-widget-image\" data-id=\"691a65fd\" data-element_type=\"widget\" data-e-type=\"widget\" data-widget_type=\"image.default\">\n\t\t\t\t<div class=\"elementor-widget-container\">\n\t\t\t\t\t\t\t\t\t\t\t\t\t\t\t<img fetchpriority=\"high\" decoding=\"async\" width=\"800\" height=\"665\" src=\"https:\/\/www.igatumaquinas.com.br\/mahindra\/wp-content\/uploads\/2025\/01\/TRANSPARENTEasdsassss.png\" class=\"attachment-large size-large wp-image-1012\" alt=\"\" srcset=\"https:\/\/www.igatumaquinas.com.br\/mahindra\/wp-content\/uploads\/2025\/01\/TRANSPARENTEasdsassss.png 844w, https:\/\/www.igatumaquinas.com.br\/mahindra\/wp-content\/uploads\/2025\/01\/TRANSPARENTEasdsassss-300x250.png 300w, https:\/\/www.igatumaquinas.com.br\/mahindra\/wp-content\/uploads\/2025\/01\/TRANSPARENTEasdsassss-768x639.png 768w\" sizes=\"(max-width: 800px) 100vw, 800px\" \/>\t\t\t\t\t\t\t\t\t\t\t\t\t\t\t<\/div>\n\t\t\t\t<\/div>\n\t\t\t\t<\/div>\n\t\t<div class=\"elementor-element elementor-element-4e6a6085 e-con-full e-flex e-con e-child\" data-id=\"4e6a6085\" data-element_type=\"container\" data-e-type=\"container\" data-settings=\"{&quot;background_background&quot;:&quot;classic&quot;}\">\n\t\t\t\t<div class=\"elementor-element elementor-element-3bd78a14 elementor-widget elementor-widget-heading\" data-id=\"3bd78a14\" data-element_type=\"widget\" data-e-type=\"widget\" data-widget_type=\"heading.default\">\n\t\t\t\t<div class=\"elementor-widget-container\">\n\t\t\t\t\t<h2 class=\"elementor-heading-title elementor-size-default\">6075 e<\/h2>\t\t\t\t<\/div>\n\t\t\t\t<\/div>\n\t\t\t\t<\/div>\n\t\t\t\t\t<\/div>\n\t\t\t\t<\/div>\n\t\t<div class=\"elementor-element elementor-element-6ec2ebb7 e-flex e-con-boxed e-con e-parent\" data-id=\"6ec2ebb7\" data-element_type=\"container\" data-e-type=\"container\">\n\t\t\t\t\t<div class=\"e-con-inner\">\n\t\t<div class=\"elementor-element elementor-element-1eeab803 e-con-full e-flex e-con e-child\" data-id=\"1eeab803\" data-element_type=\"container\" data-e-type=\"container\">\n\t\t\t\t<div class=\"elementor-element elementor-element-6b55b98d elementor-widget elementor-widget-heading\" data-id=\"6b55b98d\" data-element_type=\"widget\" data-e-type=\"widget\" data-widget_type=\"heading.default\">\n\t\t\t\t<div class=\"elementor-widget-container\">\n\t\t\t\t\t<h2 class=\"elementor-heading-title elementor-size-default\">Trator Mahindra 6075 e<\/h2>\t\t\t\t<\/div>\n\t\t\t\t<\/div>\n\t\t\t\t<div class=\"elementor-element elementor-element-20942909 elementor-widget elementor-widget-text-editor\" data-id=\"20942909\" data-element_type=\"widget\" data-e-type=\"widget\" data-widget_type=\"text-editor.default\">\n\t\t\t\t<div class=\"elementor-widget-container\">\n\t\t\t\t\t\t\t\t\t<p>O trator Mahindra 6075 E (80cv*), dispon\u00edveis nas vers\u00f5es cabinado ou plataformado, foi desenvolvido para o trabalho em culturas semi adensadas como por exemplo o caf\u00e9. \u00danico da categoria com TDP reversora, o que garante mais seguran\u00e7a e agilidade ao operador. Possui transmiss\u00e3o mec\u00e2nica sincronizada com reversor (20F+20R) com redutor e maior n\u00famero de velocidades dispon\u00edveis (9 marchas na faixa de trabalho), garantindo versatilidade nas mais diversas condi\u00e7\u00f5es de trabalho.<\/p>\t\t\t\t\t\t\t\t<\/div>\n\t\t\t\t<\/div>\n\t\t\t\t<div class=\"elementor-element elementor-element-513903a7 elementor-widget elementor-widget-button\" data-id=\"513903a7\" data-element_type=\"widget\" data-e-type=\"widget\" data-widget_type=\"button.default\">\n\t\t\t\t<div class=\"elementor-widget-container\">\n\t\t\t\t\t\t\t\t\t<div class=\"elementor-button-wrapper\">\n\t\t\t\t\t<a class=\"elementor-button elementor-button-link elementor-size-sm elementor-animation-hang\" href=\"#elementor-action%3Aaction%3Dpopup%3Aopen%26settings%3DeyJpZCI6IjE0MTgiLCJ0b2dnbGUiOmZhbHNlfQ%3D%3D\">\n\t\t\t\t\t\t<span class=\"elementor-button-content-wrapper\">\n\t\t\t\t\t\t\t\t\t<span class=\"elementor-button-text\">Ficha T\u00e9cnica<\/span>\n\t\t\t\t\t<\/span>\n\t\t\t\t\t<\/a>\n\t\t\t\t<\/div>\n\t\t\t\t\t\t\t\t<\/div>\n\t\t\t\t<\/div>\n\t\t\t\t<\/div>\n\t\t<div class=\"elementor-element elementor-element-386ad871 e-con-full e-flex e-con e-child\" data-id=\"386ad871\" data-element_type=\"container\" data-e-type=\"container\">\n\t\t\t\t<div class=\"elementor-element elementor-element-6acc5be5 elementor-widget elementor-widget-heading\" data-id=\"6acc5be5\" data-element_type=\"widget\" data-e-type=\"widget\" data-widget_type=\"heading.default\">\n\t\t\t\t<div class=\"elementor-widget-container\">\n\t\t\t\t\t<h2 class=\"elementor-heading-title elementor-size-default\">Diferenciais<\/h2>\t\t\t\t<\/div>\n\t\t\t\t<\/div>\n\t\t\t\t<div class=\"elementor-element elementor-element-62b5ae4f elementor-widget elementor-widget-text-editor\" data-id=\"62b5ae4f\" data-element_type=\"widget\" data-e-type=\"widget\" data-widget_type=\"text-editor.default\">\n\t\t\t\t<div class=\"elementor-widget-container\">\n\t\t\t\t\t\t\t\t\t<p>Servicibilidade<\/p><p>O cap\u00f4 constru\u00eddo de metal, basculante de pe\u00e7a \u00fanica permite f\u00e1cil acesso a itens de inspe\u00e7\u00e3o facilitando a manuten\u00e7\u00e3o preventiva. Possui f\u00e1cil abertura (80\u00b0) atrav\u00e9s de uma trava lateral.<\/p>\t\t\t\t\t\t\t\t<\/div>\n\t\t\t\t<\/div>\n\t\t\t\t<div class=\"elementor-element elementor-element-384eb561 elementor-widget-divider--view-line elementor-widget elementor-widget-divider\" data-id=\"384eb561\" data-element_type=\"widget\" data-e-type=\"widget\" data-widget_type=\"divider.default\">\n\t\t\t\t<div class=\"elementor-widget-container\">\n\t\t\t\t\t\t\t<div class=\"elementor-divider\">\n\t\t\t<span class=\"elementor-divider-separator\">\n\t\t\t\t\t\t<\/span>\n\t\t<\/div>\n\t\t\t\t\t\t<\/div>\n\t\t\t\t<\/div>\n\t\t\t\t<div class=\"elementor-element elementor-element-54e53aff elementor-widget elementor-widget-text-editor\" data-id=\"54e53aff\" data-element_type=\"widget\" data-e-type=\"widget\" data-widget_type=\"text-editor.default\">\n\t\t\t\t<div class=\"elementor-widget-container\">\n\t\t\t\t\t\t\t\t\t<p>tdp reversora<\/p><p>O \u00fanico no segmento com a op\u00e7\u00e3o de revers\u00e3o o que garante mais seguran\u00e7a e agilidade ao operador nas mais diversas opera\u00e7\u00f5es.<\/p>\t\t\t\t\t\t\t\t<\/div>\n\t\t\t\t<\/div>\n\t\t\t\t<div class=\"elementor-element elementor-element-6b190e84 elementor-widget-divider--view-line elementor-widget elementor-widget-divider\" data-id=\"6b190e84\" data-element_type=\"widget\" data-e-type=\"widget\" data-widget_type=\"divider.default\">\n\t\t\t\t<div class=\"elementor-widget-container\">\n\t\t\t\t\t\t\t<div class=\"elementor-divider\">\n\t\t\t<span class=\"elementor-divider-separator\">\n\t\t\t\t\t\t<\/span>\n\t\t<\/div>\n\t\t\t\t\t\t<\/div>\n\t\t\t\t<\/div>\n\t\t\t\t<div class=\"elementor-element elementor-element-6a791ac0 elementor-widget elementor-widget-text-editor\" data-id=\"6a791ac0\" data-element_type=\"widget\" data-e-type=\"widget\" data-widget_type=\"text-editor.default\">\n\t\t\t\t<div class=\"elementor-widget-container\">\n\t\t\t\t\t\t\t\t\t<p>Motor Agr\u00edcola Mahindra<\/p><p>Novo motor Mahindra MSI-475, 4 cilindros, 3.8 Litros, de 80 cv @2100 rpm (ISO 14396) com torque ideal em baixas rota\u00e7\u00f5es, entregando baixo consumo de combust\u00edvel e alto rendimento e desempenho operacional.<\/p>\t\t\t\t\t\t\t\t<\/div>\n\t\t\t\t<\/div>\n\t\t\t\t<div class=\"elementor-element elementor-element-58038ad elementor-widget-divider--view-line elementor-widget elementor-widget-divider\" data-id=\"58038ad\" data-element_type=\"widget\" data-e-type=\"widget\" data-widget_type=\"divider.default\">\n\t\t\t\t<div class=\"elementor-widget-container\">\n\t\t\t\t\t\t\t<div class=\"elementor-divider\">\n\t\t\t<span class=\"elementor-divider-separator\">\n\t\t\t\t\t\t<\/span>\n\t\t<\/div>\n\t\t\t\t\t\t<\/div>\n\t\t\t\t<\/div>\n\t\t\t\t<div class=\"elementor-element elementor-element-64c7c1c elementor-widget elementor-widget-text-editor\" data-id=\"64c7c1c\" data-element_type=\"widget\" data-e-type=\"widget\" data-widget_type=\"text-editor.default\">\n\t\t\t\t<div class=\"elementor-widget-container\">\n\t\t\t\t\t\t\t\t\t<p>Caixa de C\u00e2mbio<\/p><p>Transmiss\u00e3o mec\u00e2nica sincronizada com reversor mec\u00e2nico (20F + 20R) com redutor. Maior n\u00famero de velocidades dispon\u00edveis (09 marchas na faixa de trabalho), garantia de versatilidade nas mais diversas condi\u00e7\u00f5es de trabalho.<\/p>\t\t\t\t\t\t\t\t<\/div>\n\t\t\t\t<\/div>\n\t\t\t\t<div class=\"elementor-element elementor-element-29ddbfe1 elementor-widget-divider--view-line elementor-widget elementor-widget-divider\" data-id=\"29ddbfe1\" data-element_type=\"widget\" data-e-type=\"widget\" data-widget_type=\"divider.default\">\n\t\t\t\t<div class=\"elementor-widget-container\">\n\t\t\t\t\t\t\t<div class=\"elementor-divider\">\n\t\t\t<span class=\"elementor-divider-separator\">\n\t\t\t\t\t\t<\/span>\n\t\t<\/div>\n\t\t\t\t\t\t<\/div>\n\t\t\t\t<\/div>\n\t\t\t\t<div class=\"elementor-element elementor-element-3909c8d3 elementor-widget elementor-widget-text-editor\" data-id=\"3909c8d3\" data-element_type=\"widget\" data-e-type=\"widget\" data-widget_type=\"text-editor.default\">\n\t\t\t\t<div class=\"elementor-widget-container\">\n\t\t\t\t\t\t\t\t\t<p>Largura total<\/p><p>A largura de \u201cface a face\u201d dos pneus traseiros standard (12.4-28 R1) varia de 1,58 m \u00e0 1,67 m permitindo ao trator m\u00e1xima agilidade em culturas semi adensadas.<\/p>\t\t\t\t\t\t\t\t<\/div>\n\t\t\t\t<\/div>\n\t\t\t\t<\/div>\n\t\t\t\t\t<\/div>\n\t\t\t\t<\/div>\n\t\t<div class=\"elementor-element elementor-element-8cf1705 e-flex e-con-boxed e-con e-parent\" data-id=\"8cf1705\" data-element_type=\"container\" data-e-type=\"container\" data-settings=\"{&quot;background_background&quot;:&quot;classic&quot;}\">\n\t\t\t\t\t<div class=\"e-con-inner\">\n\t\t\t\t<div class=\"elementor-element elementor-element-61d97e45 elementor-widget elementor-widget-heading\" data-id=\"61d97e45\" data-element_type=\"widget\" data-e-type=\"widget\" data-widget_type=\"heading.default\">\n\t\t\t\t<div class=\"elementor-widget-container\">\n\t\t\t\t\t<h2 class=\"elementor-heading-title elementor-size-default\">Galeria<\/h2>\t\t\t\t<\/div>\n\t\t\t\t<\/div>\n\t\t\t\t<div class=\"elementor-element elementor-element-37f05d39 elementor-pagination-position-inside elementor-arrows-position-inside elementor-widget elementor-widget-image-carousel\" data-id=\"37f05d39\" data-element_type=\"widget\" data-e-type=\"widget\" data-settings=\"{&quot;image_spacing_custom&quot;:{&quot;unit&quot;:&quot;px&quot;,&quot;size&quot;:50,&quot;sizes&quot;:[]},&quot;navigation&quot;:&quot;both&quot;,&quot;autoplay&quot;:&quot;yes&quot;,&quot;pause_on_hover&quot;:&quot;yes&quot;,&quot;pause_on_interaction&quot;:&quot;yes&quot;,&quot;autoplay_speed&quot;:5000,&quot;infinite&quot;:&quot;yes&quot;,&quot;speed&quot;:500,&quot;image_spacing_custom_laptop&quot;:{&quot;unit&quot;:&quot;px&quot;,&quot;size&quot;:&quot;&quot;,&quot;sizes&quot;:[]},&quot;image_spacing_custom_tablet&quot;:{&quot;unit&quot;:&quot;px&quot;,&quot;size&quot;:&quot;&quot;,&quot;sizes&quot;:[]},&quot;image_spacing_custom_mobile&quot;:{&quot;unit&quot;:&quot;px&quot;,&quot;size&quot;:&quot;&quot;,&quot;sizes&quot;:[]}}\" data-widget_type=\"image-carousel.default\">\n\t\t\t\t<div class=\"elementor-widget-container\">\n\t\t\t\t\t\t\t<div class=\"elementor-image-carousel-wrapper swiper\" role=\"region\" aria-roledescription=\"carousel\" aria-label=\"Carrossel de imagens\" dir=\"ltr\">\n\t\t\t<div class=\"elementor-image-carousel swiper-wrapper\" aria-live=\"off\">\n\t\t\t\t\t\t\t\t<div class=\"swiper-slide\" role=\"group\" aria-roledescription=\"slide\" aria-label=\"1 de 9\"><figure class=\"swiper-slide-inner\"><img decoding=\"async\" class=\"swiper-slide-image\" src=\"https:\/\/www.igatumaquinas.com.br\/mahindra\/wp-content\/uploads\/2025\/01\/6075-E-_2.jpeg\" alt=\"6075 E _2\" \/><\/figure><\/div><div class=\"swiper-slide\" role=\"group\" aria-roledescription=\"slide\" aria-label=\"2 de 9\"><figure class=\"swiper-slide-inner\"><img decoding=\"async\" class=\"swiper-slide-image\" src=\"https:\/\/www.igatumaquinas.com.br\/mahindra\/wp-content\/uploads\/2025\/01\/6075-E.jpeg\" alt=\"6075 E\" \/><\/figure><\/div><div class=\"swiper-slide\" role=\"group\" aria-roledescription=\"slide\" aria-label=\"3 de 9\"><figure class=\"swiper-slide-inner\"><img decoding=\"async\" class=\"swiper-slide-image\" src=\"https:\/\/www.igatumaquinas.com.br\/mahindra\/wp-content\/uploads\/2025\/01\/Copia-de-06MAR2023-Mahindra-Expodireto-2023-043-scaled.jpg\" alt=\"C\u00f3pia de 06MAR2023 - Mahindra Expodireto 2023 - 043\" \/><\/figure><\/div><div class=\"swiper-slide\" role=\"group\" aria-roledescription=\"slide\" aria-label=\"4 de 9\"><figure class=\"swiper-slide-inner\"><img decoding=\"async\" class=\"swiper-slide-image\" src=\"https:\/\/www.igatumaquinas.com.br\/mahindra\/wp-content\/uploads\/2025\/01\/Copia-de-06MAR2023-Mahindra-Expodireto-2023-044-scaled.jpg\" alt=\"C\u00f3pia de 06MAR2023 - Mahindra Expodireto 2023 - 044\" \/><\/figure><\/div><div class=\"swiper-slide\" role=\"group\" aria-roledescription=\"slide\" aria-label=\"5 de 9\"><figure class=\"swiper-slide-inner\"><img decoding=\"async\" class=\"swiper-slide-image\" src=\"https:\/\/www.igatumaquinas.com.br\/mahindra\/wp-content\/uploads\/2025\/01\/Copia-de-06MAR2023-Mahindra-Expodireto-2023-047-scaled.jpg\" alt=\"C\u00f3pia de 06MAR2023 - Mahindra Expodireto 2023 - 047\" \/><\/figure><\/div><div class=\"swiper-slide\" role=\"group\" aria-roledescription=\"slide\" aria-label=\"6 de 9\"><figure class=\"swiper-slide-inner\"><img decoding=\"async\" class=\"swiper-slide-image\" src=\"https:\/\/www.igatumaquinas.com.br\/mahindra\/wp-content\/uploads\/2025\/01\/Copia-de-06MAR2023-Mahindra-Expodireto-2023-052-scaled.jpg\" alt=\"C\u00f3pia de 06MAR2023 - Mahindra Expodireto 2023 - 052\" \/><\/figure><\/div><div class=\"swiper-slide\" role=\"group\" aria-roledescription=\"slide\" aria-label=\"7 de 9\"><figure class=\"swiper-slide-inner\"><img decoding=\"async\" class=\"swiper-slide-image\" src=\"https:\/\/www.igatumaquinas.com.br\/mahindra\/wp-content\/uploads\/2025\/01\/Copia-de-06MAR2023-Mahindra-Expodireto-2023-055-scaled.jpg\" alt=\"C\u00f3pia de 06MAR2023 - Mahindra Expodireto 2023 - 055\" \/><\/figure><\/div><div class=\"swiper-slide\" role=\"group\" aria-roledescription=\"slide\" aria-label=\"8 de 9\"><figure class=\"swiper-slide-inner\"><img decoding=\"async\" class=\"swiper-slide-image\" src=\"https:\/\/www.igatumaquinas.com.br\/mahindra\/wp-content\/uploads\/2025\/01\/Copia-de-06MAR2023-Mahindra-Expodireto-2023-056-scaled.jpg\" alt=\"C\u00f3pia de 06MAR2023 - Mahindra Expodireto 2023 - 056\" \/><\/figure><\/div><div class=\"swiper-slide\" role=\"group\" aria-roledescription=\"slide\" aria-label=\"9 de 9\"><figure class=\"swiper-slide-inner\"><img decoding=\"async\" class=\"swiper-slide-image\" src=\"https:\/\/www.igatumaquinas.com.br\/mahindra\/wp-content\/uploads\/2025\/01\/Copia-de-07MAR2023-Mahindra-Expodireto-2023-001-scaled.jpg\" alt=\"C\u00f3pia de 07MAR2023 - Mahindra Expodireto 2023 - 001\" \/><\/figure><\/div>\t\t\t<\/div>\n\t\t\t\t\t\t\t\t\t\t\t\t<div class=\"elementor-swiper-button elementor-swiper-button-prev\" role=\"button\" tabindex=\"0\">\n\t\t\t\t\t\t<svg aria-hidden=\"true\" class=\"e-font-icon-svg e-eicon-chevron-left\" viewBox=\"0 0 1000 1000\" xmlns=\"http:\/\/www.w3.org\/2000\/svg\"><path d=\"M646 125C629 125 613 133 604 142L308 442C296 454 292 471 292 487 292 504 296 521 308 533L604 854C617 867 629 875 646 875 663 875 679 871 692 858 704 846 713 829 713 812 713 796 708 779 692 767L438 487 692 225C700 217 708 204 708 187 708 171 704 154 692 142 675 129 663 125 646 125Z\"><\/path><\/svg>\t\t\t\t\t<\/div>\n\t\t\t\t\t<div class=\"elementor-swiper-button elementor-swiper-button-next\" role=\"button\" tabindex=\"0\">\n\t\t\t\t\t\t<svg aria-hidden=\"true\" class=\"e-font-icon-svg e-eicon-chevron-right\" viewBox=\"0 0 1000 1000\" xmlns=\"http:\/\/www.w3.org\/2000\/svg\"><path d=\"M696 533C708 521 713 504 713 487 713 471 708 454 696 446L400 146C388 133 375 125 354 125 338 125 325 129 313 142 300 154 292 171 292 187 292 204 296 221 308 233L563 492 304 771C292 783 288 800 288 817 288 833 296 850 308 863 321 871 338 875 354 875 371 875 388 867 400 854L696 533Z\"><\/path><\/svg>\t\t\t\t\t<\/div>\n\t\t\t\t\n\t\t\t\t\t\t\t\t\t<div class=\"swiper-pagination\"><\/div>\n\t\t\t\t\t\t\t\t\t<\/div>\n\t\t\t\t\t\t<\/div>\n\t\t\t\t<\/div>\n\t\t\t\t<div class=\"elementor-element elementor-element-39fcc00 elementor-align-center elementor-widget elementor-widget-button\" data-id=\"39fcc00\" data-element_type=\"widget\" data-e-type=\"widget\" data-widget_type=\"button.default\">\n\t\t\t\t<div class=\"elementor-widget-container\">\n\t\t\t\t\t\t\t\t\t<div class=\"elementor-button-wrapper\">\n\t\t\t\t\t<a class=\"elementor-button elementor-button-link elementor-size-sm elementor-animation-hang\" href=\"#elementor-action%3Aaction%3Dpopup%3Aopen%26settings%3DeyJpZCI6IjcwNSIsInRvZ2dsZSI6ZmFsc2V9\">\n\t\t\t\t\t\t<span class=\"elementor-button-content-wrapper\">\n\t\t\t\t\t\t\t\t\t<span class=\"elementor-button-text\">Falar com um Consultor<\/span>\n\t\t\t\t\t<\/span>\n\t\t\t\t\t<\/a>\n\t\t\t\t<\/div>\n\t\t\t\t\t\t\t\t<\/div>\n\t\t\t\t<\/div>\n\t\t\t\t\t<\/div>\n\t\t\t\t<\/div>\n\t\t\t\t<\/div>\n\t\t","protected":false},"excerpt":{"rendered":"<p>6075 e Trator Mahindra 6075 e O trator Mahindra 6075 E (80cv*), dispon\u00edveis nas vers\u00f5es cabinado ou plataformado, foi desenvolvido para o trabalho em culturas semi adensadas como por exemplo o caf\u00e9. \u00danico da categoria com TDP reversora, o que garante mais seguran\u00e7a e agilidade ao operador. Possui transmiss\u00e3o mec\u00e2nica sincronizada com reversor (20F+20R) com [&hellip;]<\/p>\n","protected":false},"author":2,"featured_media":0,"parent":0,"menu_order":0,"comment_status":"closed","ping_status":"closed","template":"elementor_header_footer","meta":{"footnotes":""},"class_list":["post-774","page","type-page","status-publish","hentry"],"_links":{"self":[{"href":"https:\/\/www.igatumaquinas.com.br\/mahindra\/wp-json\/wp\/v2\/pages\/774","targetHints":{"allow":["GET"]}}],"collection":[{"href":"https:\/\/www.igatumaquinas.com.br\/mahindra\/wp-json\/wp\/v2\/pages"}],"about":[{"href":"https:\/\/www.igatumaquinas.com.br\/mahindra\/wp-json\/wp\/v2\/types\/page"}],"author":[{"embeddable":true,"href":"https:\/\/www.igatumaquinas.com.br\/mahindra\/wp-json\/wp\/v2\/users\/2"}],"replies":[{"embeddable":true,"href":"https:\/\/www.igatumaquinas.com.br\/mahindra\/wp-json\/wp\/v2\/comments?post=774"}],"version-history":[{"count":19,"href":"https:\/\/www.igatumaquinas.com.br\/mahindra\/wp-json\/wp\/v2\/pages\/774\/revisions"}],"predecessor-version":[{"id":1478,"href":"https:\/\/www.igatumaquinas.com.br\/mahindra\/wp-json\/wp\/v2\/pages\/774\/revisions\/1478"}],"wp:attachment":[{"href":"https:\/\/www.igatumaquinas.com.br\/mahindra\/wp-json\/wp\/v2\/media?parent=774"}],"curies":[{"name":"wp","href":"https:\/\/api.w.org\/{rel}","templated":true}]}}