{"id":770,"date":"2025-01-10T17:33:59","date_gmt":"2025-01-10T17:33:59","guid":{"rendered":"https:\/\/www.igatumaquinas.com.br\/mahindra\/?page_id=770"},"modified":"2025-01-20T23:25:40","modified_gmt":"2025-01-20T23:25:40","slug":"trator-6065-mahindra","status":"publish","type":"page","link":"https:\/\/www.igatumaquinas.com.br\/mahindra\/trator-6065-mahindra\/","title":{"rendered":"Trator 6065 mahindra"},"content":{"rendered":"\t\t<div data-elementor-type=\"wp-page\" data-elementor-id=\"770\" class=\"elementor elementor-770\" data-elementor-post-type=\"page\">\n\t\t\t\t<div class=\"elementor-element elementor-element-4b8e61dc e-flex e-con-boxed e-con e-parent\" data-id=\"4b8e61dc\" data-element_type=\"container\" data-e-type=\"container\" data-settings=\"{&quot;background_background&quot;:&quot;classic&quot;}\">\n\t\t\t\t\t<div class=\"e-con-inner\">\n\t\t<div class=\"elementor-element elementor-element-553a946e e-con-full e-flex e-con e-child\" data-id=\"553a946e\" data-element_type=\"container\" data-e-type=\"container\">\n\t\t\t\t<div class=\"elementor-element elementor-element-372c38ae elementor-widget elementor-widget-image\" data-id=\"372c38ae\" data-element_type=\"widget\" data-e-type=\"widget\" data-widget_type=\"image.default\">\n\t\t\t\t<div class=\"elementor-widget-container\">\n\t\t\t\t\t\t\t\t\t\t\t\t\t\t\t<img fetchpriority=\"high\" decoding=\"async\" width=\"800\" height=\"800\" src=\"https:\/\/www.igatumaquinas.com.br\/mahindra\/wp-content\/uploads\/2025\/01\/Design-sem-nome-16-1024x1024.png\" class=\"attachment-large size-large wp-image-984\" alt=\"\" srcset=\"https:\/\/www.igatumaquinas.com.br\/mahindra\/wp-content\/uploads\/2025\/01\/Design-sem-nome-16-1024x1024.png 1024w, https:\/\/www.igatumaquinas.com.br\/mahindra\/wp-content\/uploads\/2025\/01\/Design-sem-nome-16-300x300.png 300w, https:\/\/www.igatumaquinas.com.br\/mahindra\/wp-content\/uploads\/2025\/01\/Design-sem-nome-16-150x150.png 150w, https:\/\/www.igatumaquinas.com.br\/mahindra\/wp-content\/uploads\/2025\/01\/Design-sem-nome-16-768x768.png 768w, https:\/\/www.igatumaquinas.com.br\/mahindra\/wp-content\/uploads\/2025\/01\/Design-sem-nome-16.png 1500w\" sizes=\"(max-width: 800px) 100vw, 800px\" \/>\t\t\t\t\t\t\t\t\t\t\t\t\t\t\t<\/div>\n\t\t\t\t<\/div>\n\t\t\t\t<\/div>\n\t\t<div class=\"elementor-element elementor-element-6a981233 e-con-full e-flex e-con e-child\" data-id=\"6a981233\" data-element_type=\"container\" data-e-type=\"container\" data-settings=\"{&quot;background_background&quot;:&quot;classic&quot;}\">\n\t\t\t\t<div class=\"elementor-element elementor-element-26812435 elementor-widget elementor-widget-heading\" data-id=\"26812435\" data-element_type=\"widget\" data-e-type=\"widget\" data-widget_type=\"heading.default\">\n\t\t\t\t<div class=\"elementor-widget-container\">\n\t\t\t\t\t<h2 class=\"elementor-heading-title elementor-size-default\">6065<\/h2>\t\t\t\t<\/div>\n\t\t\t\t<\/div>\n\t\t\t\t<\/div>\n\t\t\t\t\t<\/div>\n\t\t\t\t<\/div>\n\t\t<div class=\"elementor-element elementor-element-6daef71e e-flex e-con-boxed e-con e-parent\" data-id=\"6daef71e\" data-element_type=\"container\" data-e-type=\"container\">\n\t\t\t\t\t<div class=\"e-con-inner\">\n\t\t<div class=\"elementor-element elementor-element-a697d38 e-con-full e-flex e-con e-child\" data-id=\"a697d38\" data-element_type=\"container\" data-e-type=\"container\">\n\t\t\t\t<div class=\"elementor-element elementor-element-5f14caa elementor-widget elementor-widget-heading\" data-id=\"5f14caa\" data-element_type=\"widget\" data-e-type=\"widget\" data-widget_type=\"heading.default\">\n\t\t\t\t<div class=\"elementor-widget-container\">\n\t\t\t\t\t<h2 class=\"elementor-heading-title elementor-size-default\">Trator Mahindra 6065<\/h2>\t\t\t\t<\/div>\n\t\t\t\t<\/div>\n\t\t\t\t<div class=\"elementor-element elementor-element-3cbef22a elementor-widget elementor-widget-text-editor\" data-id=\"3cbef22a\" data-element_type=\"widget\" data-e-type=\"widget\" data-widget_type=\"text-editor.default\">\n\t\t\t\t<div class=\"elementor-widget-container\">\n\t\t\t\t\t\t\t\t\t<p>O trator Mahindra 6065 (65cv) \u00e9 o mais novo modelo que chega ao mercado Brasileiro, para completar a linha 6000. Equipado com a nova gera\u00e7\u00e3o de motores agr\u00edcolas da Mahindra que proporcionam muito mais economia. Possui transmiss\u00e3o mec\u00e2nica sincronizada com reversor e redutor de velocidades (0,36 km\/h) de 20 marchas \u00e0 frente e 20 marchas \u00e0 r\u00e9, sistema hidr\u00e1ulico de 3 pontos com excelente capacidade de levante (2.600 kg) e vaz\u00e3o para controle remoto de 58 l\/min.<\/p>\t\t\t\t\t\t\t\t<\/div>\n\t\t\t\t<\/div>\n\t\t\t\t<div class=\"elementor-element elementor-element-347c077a elementor-widget elementor-widget-button\" data-id=\"347c077a\" data-element_type=\"widget\" data-e-type=\"widget\" data-widget_type=\"button.default\">\n\t\t\t\t<div class=\"elementor-widget-container\">\n\t\t\t\t\t\t\t\t\t<div class=\"elementor-button-wrapper\">\n\t\t\t\t\t<a class=\"elementor-button elementor-button-link elementor-size-sm elementor-animation-hang\" href=\"#elementor-action%3Aaction%3Dpopup%3Aopen%26settings%3DeyJpZCI6IjE0MjAiLCJ0b2dnbGUiOmZhbHNlfQ%3D%3D\">\n\t\t\t\t\t\t<span class=\"elementor-button-content-wrapper\">\n\t\t\t\t\t\t\t\t\t<span class=\"elementor-button-text\">Ficha T\u00e9cnica<\/span>\n\t\t\t\t\t<\/span>\n\t\t\t\t\t<\/a>\n\t\t\t\t<\/div>\n\t\t\t\t\t\t\t\t<\/div>\n\t\t\t\t<\/div>\n\t\t\t\t<\/div>\n\t\t<div class=\"elementor-element elementor-element-2a8a1ccb e-con-full e-flex e-con e-child\" data-id=\"2a8a1ccb\" data-element_type=\"container\" data-e-type=\"container\">\n\t\t\t\t<div class=\"elementor-element elementor-element-380be383 elementor-widget elementor-widget-heading\" data-id=\"380be383\" data-element_type=\"widget\" data-e-type=\"widget\" data-widget_type=\"heading.default\">\n\t\t\t\t<div class=\"elementor-widget-container\">\n\t\t\t\t\t<h2 class=\"elementor-heading-title elementor-size-default\">Diferenciais<\/h2>\t\t\t\t<\/div>\n\t\t\t\t<\/div>\n\t\t\t\t<div class=\"elementor-element elementor-element-7dd59a19 elementor-widget elementor-widget-text-editor\" data-id=\"7dd59a19\" data-element_type=\"widget\" data-e-type=\"widget\" data-widget_type=\"text-editor.default\">\n\t\t\t\t<div class=\"elementor-widget-container\">\n\t\t\t\t\t\t\t\t\t<p><strong>Servicibilidade<\/strong><\/p><p>O cap\u00f4 constru\u00eddo de metal, basculante de pe\u00e7a \u00fanica permite f\u00e1cil acesso a itens de inspe\u00e7\u00e3o facilitando a manuten\u00e7\u00e3o preventiva. Possui f\u00e1cil abertura (80\u00b0) atrav\u00e9s de uma trava lateral.<\/p>\t\t\t\t\t\t\t\t<\/div>\n\t\t\t\t<\/div>\n\t\t\t\t<div class=\"elementor-element elementor-element-7d8820af elementor-widget-divider--view-line elementor-widget elementor-widget-divider\" data-id=\"7d8820af\" data-element_type=\"widget\" data-e-type=\"widget\" data-widget_type=\"divider.default\">\n\t\t\t\t<div class=\"elementor-widget-container\">\n\t\t\t\t\t\t\t<div class=\"elementor-divider\">\n\t\t\t<span class=\"elementor-divider-separator\">\n\t\t\t\t\t\t<\/span>\n\t\t<\/div>\n\t\t\t\t\t\t<\/div>\n\t\t\t\t<\/div>\n\t\t\t\t<div class=\"elementor-element elementor-element-4e70bf70 elementor-widget elementor-widget-text-editor\" data-id=\"4e70bf70\" data-element_type=\"widget\" data-e-type=\"widget\" data-widget_type=\"text-editor.default\">\n\t\t\t\t<div class=\"elementor-widget-container\">\n\t\t\t\t\t\t\t\t\t<p><strong>tomada de pot\u00eancia<\/strong><\/p><p>Oferece 3 op\u00e7\u00f5es de velocidade (540 + 540 E + Reversora). O \u00fanico nessa faixa de pot\u00eancia com op\u00e7\u00e3o de revers\u00e3o. Oferece maior seguran\u00e7a e agilidade ao operador.<\/p>\t\t\t\t\t\t\t\t<\/div>\n\t\t\t\t<\/div>\n\t\t\t\t<div class=\"elementor-element elementor-element-22dee31d elementor-widget-divider--view-line elementor-widget elementor-widget-divider\" data-id=\"22dee31d\" data-element_type=\"widget\" data-e-type=\"widget\" data-widget_type=\"divider.default\">\n\t\t\t\t<div class=\"elementor-widget-container\">\n\t\t\t\t\t\t\t<div class=\"elementor-divider\">\n\t\t\t<span class=\"elementor-divider-separator\">\n\t\t\t\t\t\t<\/span>\n\t\t<\/div>\n\t\t\t\t\t\t<\/div>\n\t\t\t\t<\/div>\n\t\t\t\t<div class=\"elementor-element elementor-element-798ac51 elementor-widget elementor-widget-text-editor\" data-id=\"798ac51\" data-element_type=\"widget\" data-e-type=\"widget\" data-widget_type=\"text-editor.default\">\n\t\t\t\t<div class=\"elementor-widget-container\">\n\t\t\t\t\t\t\t\t\t<p><strong>Motor Agr\u00edcola Mahindra<\/strong><\/p><p>Novo motor Mahindra MSI-475, 4 cilindros, 3.8 Litros, de 65 cv @2100 rpm (ISO 14396) com torque ideal em baixas rota\u00e7\u00f5es, entregando baixo consumo de combust\u00edvel e alto rendimento e desempenho operacional.<\/p>\t\t\t\t\t\t\t\t<\/div>\n\t\t\t\t<\/div>\n\t\t\t\t<div class=\"elementor-element elementor-element-339cc30f elementor-widget-divider--view-line elementor-widget elementor-widget-divider\" data-id=\"339cc30f\" data-element_type=\"widget\" data-e-type=\"widget\" data-widget_type=\"divider.default\">\n\t\t\t\t<div class=\"elementor-widget-container\">\n\t\t\t\t\t\t\t<div class=\"elementor-divider\">\n\t\t\t<span class=\"elementor-divider-separator\">\n\t\t\t\t\t\t<\/span>\n\t\t<\/div>\n\t\t\t\t\t\t<\/div>\n\t\t\t\t<\/div>\n\t\t\t\t<div class=\"elementor-element elementor-element-152c8b40 elementor-widget elementor-widget-text-editor\" data-id=\"152c8b40\" data-element_type=\"widget\" data-e-type=\"widget\" data-widget_type=\"text-editor.default\">\n\t\t\t\t<div class=\"elementor-widget-container\">\n\t\t\t\t\t\t\t\t\t<p><strong>Caixa de C\u00e2mbio<\/strong><\/p><p>Transmiss\u00e3o mec\u00e2nica sincronizada com reversor mec\u00e2nico e redutor de velocidades de 20 marchas a frente e 20 marchas a r\u00e9. Maior n\u00famero de velocidades dispon\u00edveis (09 marchas na faixa de trabalho), oferece grande versatilidade nas mais diversas condi\u00e7\u00f5es de trabalho.<\/p>\t\t\t\t\t\t\t\t<\/div>\n\t\t\t\t<\/div>\n\t\t\t\t<div class=\"elementor-element elementor-element-2985fa14 elementor-widget-divider--view-line elementor-widget elementor-widget-divider\" data-id=\"2985fa14\" data-element_type=\"widget\" data-e-type=\"widget\" data-widget_type=\"divider.default\">\n\t\t\t\t<div class=\"elementor-widget-container\">\n\t\t\t\t\t\t\t<div class=\"elementor-divider\">\n\t\t\t<span class=\"elementor-divider-separator\">\n\t\t\t\t\t\t<\/span>\n\t\t<\/div>\n\t\t\t\t\t\t<\/div>\n\t\t\t\t<\/div>\n\t\t\t\t<div class=\"elementor-element elementor-element-6296e912 elementor-widget elementor-widget-text-editor\" data-id=\"6296e912\" data-element_type=\"widget\" data-e-type=\"widget\" data-widget_type=\"text-editor.default\">\n\t\t\t\t<div class=\"elementor-widget-container\">\n\t\t\t\t\t\t\t\t\t<p><strong>Sistema Hidr\u00e1ulico de 3 Pontos<\/strong><\/p><p>Maior capacidade de levante do segmento (2.600 kg).<\/p>\t\t\t\t\t\t\t\t<\/div>\n\t\t\t\t<\/div>\n\t\t\t\t<\/div>\n\t\t\t\t\t<\/div>\n\t\t\t\t<\/div>\n\t\t<div class=\"elementor-element elementor-element-7b2bf873 e-flex e-con-boxed e-con e-parent\" data-id=\"7b2bf873\" data-element_type=\"container\" data-e-type=\"container\" data-settings=\"{&quot;background_background&quot;:&quot;classic&quot;}\">\n\t\t\t\t\t<div class=\"e-con-inner\">\n\t\t\t\t<div class=\"elementor-element elementor-element-99bfcee elementor-widget elementor-widget-heading\" data-id=\"99bfcee\" data-element_type=\"widget\" data-e-type=\"widget\" data-widget_type=\"heading.default\">\n\t\t\t\t<div class=\"elementor-widget-container\">\n\t\t\t\t\t<h2 class=\"elementor-heading-title elementor-size-default\">Galeria<\/h2>\t\t\t\t<\/div>\n\t\t\t\t<\/div>\n\t\t\t\t<div class=\"elementor-element elementor-element-3fa05400 elementor-pagination-position-inside elementor-arrows-position-inside elementor-widget elementor-widget-image-carousel\" data-id=\"3fa05400\" data-element_type=\"widget\" data-e-type=\"widget\" data-settings=\"{&quot;image_spacing_custom&quot;:{&quot;unit&quot;:&quot;px&quot;,&quot;size&quot;:50,&quot;sizes&quot;:[]},&quot;navigation&quot;:&quot;both&quot;,&quot;autoplay&quot;:&quot;yes&quot;,&quot;pause_on_hover&quot;:&quot;yes&quot;,&quot;pause_on_interaction&quot;:&quot;yes&quot;,&quot;autoplay_speed&quot;:5000,&quot;infinite&quot;:&quot;yes&quot;,&quot;speed&quot;:500,&quot;image_spacing_custom_laptop&quot;:{&quot;unit&quot;:&quot;px&quot;,&quot;size&quot;:&quot;&quot;,&quot;sizes&quot;:[]},&quot;image_spacing_custom_tablet&quot;:{&quot;unit&quot;:&quot;px&quot;,&quot;size&quot;:&quot;&quot;,&quot;sizes&quot;:[]},&quot;image_spacing_custom_mobile&quot;:{&quot;unit&quot;:&quot;px&quot;,&quot;size&quot;:&quot;&quot;,&quot;sizes&quot;:[]}}\" data-widget_type=\"image-carousel.default\">\n\t\t\t\t<div class=\"elementor-widget-container\">\n\t\t\t\t\t\t\t<div class=\"elementor-image-carousel-wrapper swiper\" role=\"region\" aria-roledescription=\"carousel\" aria-label=\"Carrossel de imagens\" dir=\"ltr\">\n\t\t\t<div class=\"elementor-image-carousel swiper-wrapper\" aria-live=\"off\">\n\t\t\t\t\t\t\t\t<div class=\"swiper-slide\" role=\"group\" aria-roledescription=\"slide\" aria-label=\"1 de 13\"><figure class=\"swiper-slide-inner\"><img decoding=\"async\" class=\"swiper-slide-image\" src=\"https:\/\/www.igatumaquinas.com.br\/mahindra\/wp-content\/uploads\/2025\/01\/02AGO2023-Mahindra-6065-001-scaled.jpg\" alt=\"02AGO2023 - Mahindra 6065 - 001\" \/><\/figure><\/div><div class=\"swiper-slide\" role=\"group\" aria-roledescription=\"slide\" aria-label=\"2 de 13\"><figure class=\"swiper-slide-inner\"><img decoding=\"async\" class=\"swiper-slide-image\" src=\"https:\/\/www.igatumaquinas.com.br\/mahindra\/wp-content\/uploads\/2025\/01\/02AGO2023-Mahindra-6065-004-scaled.jpg\" alt=\"02AGO2023 - Mahindra 6065 - 004\" \/><\/figure><\/div><div class=\"swiper-slide\" role=\"group\" aria-roledescription=\"slide\" aria-label=\"3 de 13\"><figure class=\"swiper-slide-inner\"><img decoding=\"async\" class=\"swiper-slide-image\" src=\"https:\/\/www.igatumaquinas.com.br\/mahindra\/wp-content\/uploads\/2025\/01\/02AGO2023-Mahindra-6065-020-scaled.jpg\" alt=\"02AGO2023 - Mahindra 6065 - 020\" \/><\/figure><\/div><div class=\"swiper-slide\" role=\"group\" aria-roledescription=\"slide\" aria-label=\"4 de 13\"><figure class=\"swiper-slide-inner\"><img decoding=\"async\" class=\"swiper-slide-image\" src=\"https:\/\/www.igatumaquinas.com.br\/mahindra\/wp-content\/uploads\/2025\/01\/02AGO2023-Mahindra-6065-026-scaled.jpg\" alt=\"02AGO2023 - Mahindra 6065 - 026\" \/><\/figure><\/div><div class=\"swiper-slide\" role=\"group\" aria-roledescription=\"slide\" aria-label=\"5 de 13\"><figure class=\"swiper-slide-inner\"><img decoding=\"async\" class=\"swiper-slide-image\" src=\"https:\/\/www.igatumaquinas.com.br\/mahindra\/wp-content\/uploads\/2025\/01\/02AGO2023-Mahindra-6065-034-scaled.jpg\" alt=\"02AGO2023 - Mahindra 6065 - 034\" \/><\/figure><\/div><div class=\"swiper-slide\" role=\"group\" aria-roledescription=\"slide\" aria-label=\"6 de 13\"><figure class=\"swiper-slide-inner\"><img decoding=\"async\" class=\"swiper-slide-image\" src=\"https:\/\/www.igatumaquinas.com.br\/mahindra\/wp-content\/uploads\/2025\/01\/02AGO2023-Mahindra-6065-035-scaled.jpg\" alt=\"02AGO2023 - Mahindra 6065 - 035\" \/><\/figure><\/div><div class=\"swiper-slide\" role=\"group\" aria-roledescription=\"slide\" aria-label=\"7 de 13\"><figure class=\"swiper-slide-inner\"><img decoding=\"async\" class=\"swiper-slide-image\" src=\"https:\/\/www.igatumaquinas.com.br\/mahindra\/wp-content\/uploads\/2025\/01\/02AGO2023-Mahindra-6065-036-scaled.jpg\" alt=\"02AGO2023 - Mahindra 6065 - 036\" \/><\/figure><\/div><div class=\"swiper-slide\" role=\"group\" aria-roledescription=\"slide\" aria-label=\"8 de 13\"><figure class=\"swiper-slide-inner\"><img decoding=\"async\" class=\"swiper-slide-image\" src=\"https:\/\/www.igatumaquinas.com.br\/mahindra\/wp-content\/uploads\/2025\/01\/02AGO2023-Mahindra-6065-038-scaled.jpg\" alt=\"02AGO2023 - Mahindra 6065 - 038\" \/><\/figure><\/div><div class=\"swiper-slide\" role=\"group\" aria-roledescription=\"slide\" aria-label=\"9 de 13\"><figure class=\"swiper-slide-inner\"><img decoding=\"async\" class=\"swiper-slide-image\" src=\"https:\/\/www.igatumaquinas.com.br\/mahindra\/wp-content\/uploads\/2025\/01\/02AGO2023-Mahindra-6065-040-scaled.jpg\" alt=\"02AGO2023 - Mahindra 6065 - 040\" \/><\/figure><\/div><div class=\"swiper-slide\" role=\"group\" aria-roledescription=\"slide\" aria-label=\"10 de 13\"><figure class=\"swiper-slide-inner\"><img decoding=\"async\" class=\"swiper-slide-image\" src=\"https:\/\/www.igatumaquinas.com.br\/mahindra\/wp-content\/uploads\/2025\/01\/02AGO2023-Mahindra-6065-A-scaled.jpg\" alt=\"02AGO2023 - Mahindra 6065 - A\" \/><\/figure><\/div><div class=\"swiper-slide\" role=\"group\" aria-roledescription=\"slide\" aria-label=\"11 de 13\"><figure class=\"swiper-slide-inner\"><img decoding=\"async\" class=\"swiper-slide-image\" src=\"https:\/\/www.igatumaquinas.com.br\/mahindra\/wp-content\/uploads\/2025\/01\/02AGO2023-Mahindra-6075-003-scaled.jpg\" alt=\"02AGO2023 - Mahindra 6075 - 003\" \/><\/figure><\/div><div class=\"swiper-slide\" role=\"group\" aria-roledescription=\"slide\" aria-label=\"12 de 13\"><figure class=\"swiper-slide-inner\"><img decoding=\"async\" class=\"swiper-slide-image\" src=\"https:\/\/www.igatumaquinas.com.br\/mahindra\/wp-content\/uploads\/2025\/01\/6065-scaled.jpg\" alt=\"6065\" \/><\/figure><\/div><div class=\"swiper-slide\" role=\"group\" aria-roledescription=\"slide\" aria-label=\"13 de 13\"><figure class=\"swiper-slide-inner\"><img decoding=\"async\" class=\"swiper-slide-image\" src=\"https:\/\/www.igatumaquinas.com.br\/mahindra\/wp-content\/uploads\/2025\/01\/02AGO2023-Mahindra-6075-001-scaled.jpg\" alt=\"02AGO2023 - Mahindra 6075 - 001\" \/><\/figure><\/div>\t\t\t<\/div>\n\t\t\t\t\t\t\t\t\t\t\t\t<div class=\"elementor-swiper-button elementor-swiper-button-prev\" role=\"button\" tabindex=\"0\">\n\t\t\t\t\t\t<svg aria-hidden=\"true\" class=\"e-font-icon-svg e-eicon-chevron-left\" viewBox=\"0 0 1000 1000\" xmlns=\"http:\/\/www.w3.org\/2000\/svg\"><path d=\"M646 125C629 125 613 133 604 142L308 442C296 454 292 471 292 487 292 504 296 521 308 533L604 854C617 867 629 875 646 875 663 875 679 871 692 858 704 846 713 829 713 812 713 796 708 779 692 767L438 487 692 225C700 217 708 204 708 187 708 171 704 154 692 142 675 129 663 125 646 125Z\"><\/path><\/svg>\t\t\t\t\t<\/div>\n\t\t\t\t\t<div class=\"elementor-swiper-button elementor-swiper-button-next\" role=\"button\" tabindex=\"0\">\n\t\t\t\t\t\t<svg aria-hidden=\"true\" class=\"e-font-icon-svg e-eicon-chevron-right\" viewBox=\"0 0 1000 1000\" xmlns=\"http:\/\/www.w3.org\/2000\/svg\"><path d=\"M696 533C708 521 713 504 713 487 713 471 708 454 696 446L400 146C388 133 375 125 354 125 338 125 325 129 313 142 300 154 292 171 292 187 292 204 296 221 308 233L563 492 304 771C292 783 288 800 288 817 288 833 296 850 308 863 321 871 338 875 354 875 371 875 388 867 400 854L696 533Z\"><\/path><\/svg>\t\t\t\t\t<\/div>\n\t\t\t\t\n\t\t\t\t\t\t\t\t\t<div class=\"swiper-pagination\"><\/div>\n\t\t\t\t\t\t\t\t\t<\/div>\n\t\t\t\t\t\t<\/div>\n\t\t\t\t<\/div>\n\t\t\t\t<div class=\"elementor-element elementor-element-5286a4f elementor-align-center elementor-widget elementor-widget-button\" data-id=\"5286a4f\" data-element_type=\"widget\" data-e-type=\"widget\" data-widget_type=\"button.default\">\n\t\t\t\t<div class=\"elementor-widget-container\">\n\t\t\t\t\t\t\t\t\t<div class=\"elementor-button-wrapper\">\n\t\t\t\t\t<a class=\"elementor-button elementor-button-link elementor-size-sm elementor-animation-hang\" href=\"#elementor-action%3Aaction%3Dpopup%3Aopen%26settings%3DeyJpZCI6IjcwNSIsInRvZ2dsZSI6ZmFsc2V9\">\n\t\t\t\t\t\t<span class=\"elementor-button-content-wrapper\">\n\t\t\t\t\t\t\t\t\t<span class=\"elementor-button-text\">Falar com um Consultor<\/span>\n\t\t\t\t\t<\/span>\n\t\t\t\t\t<\/a>\n\t\t\t\t<\/div>\n\t\t\t\t\t\t\t\t<\/div>\n\t\t\t\t<\/div>\n\t\t\t\t\t<\/div>\n\t\t\t\t<\/div>\n\t\t\t\t<\/div>\n\t\t","protected":false},"excerpt":{"rendered":"<p>6065 Trator Mahindra 6065 O trator Mahindra 6065 (65cv) \u00e9 o mais novo modelo que chega ao mercado Brasileiro, para completar a linha 6000. Equipado com a nova gera\u00e7\u00e3o de motores agr\u00edcolas da Mahindra que proporcionam muito mais economia. Possui transmiss\u00e3o mec\u00e2nica sincronizada com reversor e redutor de velocidades (0,36 km\/h) de 20 marchas \u00e0 [&hellip;]<\/p>\n","protected":false},"author":2,"featured_media":0,"parent":0,"menu_order":0,"comment_status":"closed","ping_status":"closed","template":"elementor_header_footer","meta":{"footnotes":""},"class_list":["post-770","page","type-page","status-publish","hentry"],"_links":{"self":[{"href":"https:\/\/www.igatumaquinas.com.br\/mahindra\/wp-json\/wp\/v2\/pages\/770","targetHints":{"allow":["GET"]}}],"collection":[{"href":"https:\/\/www.igatumaquinas.com.br\/mahindra\/wp-json\/wp\/v2\/pages"}],"about":[{"href":"https:\/\/www.igatumaquinas.com.br\/mahindra\/wp-json\/wp\/v2\/types\/page"}],"author":[{"embeddable":true,"href":"https:\/\/www.igatumaquinas.com.br\/mahindra\/wp-json\/wp\/v2\/users\/2"}],"replies":[{"embeddable":true,"href":"https:\/\/www.igatumaquinas.com.br\/mahindra\/wp-json\/wp\/v2\/comments?post=770"}],"version-history":[{"count":25,"href":"https:\/\/www.igatumaquinas.com.br\/mahindra\/wp-json\/wp\/v2\/pages\/770\/revisions"}],"predecessor-version":[{"id":1466,"href":"https:\/\/www.igatumaquinas.com.br\/mahindra\/wp-json\/wp\/v2\/pages\/770\/revisions\/1466"}],"wp:attachment":[{"href":"https:\/\/www.igatumaquinas.com.br\/mahindra\/wp-json\/wp\/v2\/media?parent=770"}],"curies":[{"name":"wp","href":"https:\/\/api.w.org\/{rel}","templated":true}]}}