{"id":1530,"date":"2025-01-28T00:24:28","date_gmt":"2025-01-28T00:24:28","guid":{"rendered":"https:\/\/www.igatumaquinas.com.br\/mahindra\/?page_id=1530"},"modified":"2025-02-10T19:00:11","modified_gmt":"2025-02-10T19:00:11","slug":"consorcio","status":"publish","type":"page","link":"https:\/\/www.igatumaquinas.com.br\/mahindra\/consorcio\/","title":{"rendered":"Cons\u00f3rcio"},"content":{"rendered":"\t\t<div data-elementor-type=\"wp-page\" data-elementor-id=\"1530\" class=\"elementor elementor-1530\" data-elementor-post-type=\"page\">\n\t\t\t\t<div class=\"elementor-element elementor-element-b2f52d7 e-flex e-con-boxed e-con e-parent\" data-id=\"b2f52d7\" data-element_type=\"container\" data-e-type=\"container\" data-settings=\"{&quot;background_background&quot;:&quot;classic&quot;}\">\n\t\t\t\t\t<div class=\"e-con-inner\">\n\t\t<div class=\"elementor-element elementor-element-ec34cfe e-con-full e-flex e-con e-child\" data-id=\"ec34cfe\" data-element_type=\"container\" data-e-type=\"container\" data-settings=\"{&quot;background_background&quot;:&quot;classic&quot;}\">\n\t\t\t\t<div class=\"elementor-element elementor-element-d20a7a2 elementor-widget elementor-widget-heading\" data-id=\"d20a7a2\" data-element_type=\"widget\" data-e-type=\"widget\" data-widget_type=\"heading.default\">\n\t\t\t\t<div class=\"elementor-widget-container\">\n\t\t\t\t\t<h2 class=\"elementor-heading-title elementor-size-default\">Cons\u00f3rcio<\/h2>\t\t\t\t<\/div>\n\t\t\t\t<\/div>\n\t\t\t\t<\/div>\n\t\t\t\t\t<\/div>\n\t\t\t\t<\/div>\n\t\t<div class=\"elementor-element elementor-element-8a9f904 e-flex e-con-boxed e-con e-parent\" data-id=\"8a9f904\" data-element_type=\"container\" data-e-type=\"container\" data-settings=\"{&quot;background_background&quot;:&quot;classic&quot;}\">\n\t\t\t\t\t<div class=\"e-con-inner\">\n\t\t<div class=\"elementor-element elementor-element-437541e e-con-full e-flex e-con e-child\" data-id=\"437541e\" data-element_type=\"container\" data-e-type=\"container\">\n\t\t\t\t<div class=\"elementor-element elementor-element-f84e2ad elementor-widget elementor-widget-text-editor\" data-id=\"f84e2ad\" data-element_type=\"widget\" data-e-type=\"widget\" data-widget_type=\"text-editor.default\">\n\t\t\t\t<div class=\"elementor-widget-container\">\n\t\t\t\t\t\t\t\t\t<p>em at\u00e9<\/p>\t\t\t\t\t\t\t\t<\/div>\n\t\t\t\t<\/div>\n\t\t\t\t<div class=\"elementor-element elementor-element-82ea8d4 elementor-widget elementor-widget-heading\" data-id=\"82ea8d4\" data-element_type=\"widget\" data-e-type=\"widget\" data-widget_type=\"heading.default\">\n\t\t\t\t<div class=\"elementor-widget-container\">\n\t\t\t\t\t<h2 class=\"elementor-heading-title elementor-size-default\">120 MESES<\/h2>\t\t\t\t<\/div>\n\t\t\t\t<\/div>\n\t\t\t\t<\/div>\n\t\t<div class=\"elementor-element elementor-element-12d4d9b e-con-full e-flex e-con e-child\" data-id=\"12d4d9b\" data-element_type=\"container\" data-e-type=\"container\">\n\t\t\t\t<div class=\"elementor-element elementor-element-c18d2b9 elementor-widget elementor-widget-heading\" data-id=\"c18d2b9\" data-element_type=\"widget\" data-e-type=\"widget\" data-widget_type=\"heading.default\">\n\t\t\t\t<div class=\"elementor-widget-container\">\n\t\t\t\t\t<h2 class=\"elementor-heading-title elementor-size-default\">SEM JUROS<\/h2>\t\t\t\t<\/div>\n\t\t\t\t<\/div>\n\t\t\t\t<\/div>\n\t\t<div class=\"elementor-element elementor-element-5939a81 e-con-full e-flex e-con e-child\" data-id=\"5939a81\" data-element_type=\"container\" data-e-type=\"container\">\n\t\t\t\t<div class=\"elementor-element elementor-element-1581d1a elementor-widget elementor-widget-heading\" data-id=\"1581d1a\" data-element_type=\"widget\" data-e-type=\"widget\" data-widget_type=\"heading.default\">\n\t\t\t\t<div class=\"elementor-widget-container\">\n\t\t\t\t\t<h2 class=\"elementor-heading-title elementor-size-default\">SEM TAXA<\/h2>\t\t\t\t<\/div>\n\t\t\t\t<\/div>\n\t\t\t\t<div class=\"elementor-element elementor-element-e321add elementor-widget elementor-widget-text-editor\" data-id=\"e321add\" data-element_type=\"widget\" data-e-type=\"widget\" data-widget_type=\"text-editor.default\">\n\t\t\t\t<div class=\"elementor-widget-container\">\n\t\t\t\t\t\t\t\t\t<p>de ades\u00e3o<\/p>\t\t\t\t\t\t\t\t<\/div>\n\t\t\t\t<\/div>\n\t\t\t\t<\/div>\n\t\t\t\t\t<\/div>\n\t\t\t\t<\/div>\n\t\t<div class=\"elementor-element elementor-element-f23a899 e-flex e-con-boxed e-con e-parent\" data-id=\"f23a899\" data-element_type=\"container\" data-e-type=\"container\">\n\t\t\t\t\t<div class=\"e-con-inner\">\n\t\t\t\t<div class=\"elementor-element elementor-element-d57ed07 elementor-widget elementor-widget-text-editor\" data-id=\"d57ed07\" data-element_type=\"widget\" data-e-type=\"widget\" data-widget_type=\"text-editor.default\">\n\t\t\t\t<div class=\"elementor-widget-container\">\n\t\t\t\t\t\t\t\t\t<p>Uma maneira mais simples e \u00e1gil para aquisi\u00e7\u00e3o dos tratores Mahindra e equipamentos agr\u00edcolas. Para voc\u00ea, amigo cliente, que programa o seu futuro e exige um parceiro de confian\u00e7a, o Cons\u00f3rcio Nacional Mahindra \u00e9 a melhor das op\u00e7\u00f5es.<\/p><p>Com planos de at\u00e9 120 meses e diversos grupos com contempla\u00e7\u00f5es aceleradas, temos grandes alternativas para adiantar a entrega do seu trator Mahindra.<\/p><p>O consorciado disp\u00f5e de v\u00e1rias categorias de cr\u00e9dito, e escolhe o valor que melhor atende \u00e0 sua necessidade no campo. Contando com a entrega direta de f\u00e1brica ou por um concession\u00e1rio autorizado mais pr\u00f3ximo de voc\u00ea.<\/p>\t\t\t\t\t\t\t\t<\/div>\n\t\t\t\t<\/div>\n\t\t\t\t<div class=\"elementor-element elementor-element-fb03efd elementor-widget elementor-widget-heading\" data-id=\"fb03efd\" data-element_type=\"widget\" data-e-type=\"widget\" data-widget_type=\"heading.default\">\n\t\t\t\t<div class=\"elementor-widget-container\">\n\t\t\t\t\t<h2 class=\"elementor-heading-title elementor-size-default\">Voc\u00ea sabe o que \u00e9 Cons\u00f3rcio?<\/h2>\t\t\t\t<\/div>\n\t\t\t\t<\/div>\n\t\t\t\t\t<\/div>\n\t\t\t\t<\/div>\n\t\t<div class=\"elementor-element elementor-element-cf357bc e-flex e-con-boxed e-con e-parent\" data-id=\"cf357bc\" data-element_type=\"container\" data-e-type=\"container\">\n\t\t\t\t\t<div class=\"e-con-inner\">\n\t\t\t\t<div class=\"elementor-element elementor-element-b1163f7 elementor-widget elementor-widget-text-editor\" data-id=\"b1163f7\" data-element_type=\"widget\" data-e-type=\"widget\" data-widget_type=\"text-editor.default\">\n\t\t\t\t<div class=\"elementor-widget-container\">\n\t\t\t\t\t\t\t\t\t<p>\u00c9 um sistema de aquisi\u00e7\u00e3o, utilizado por milh\u00f5es de brasileiros que promove a compra programada de um produto ou servi\u00e7o, sem juros.<\/p><p>Acesse o site do Cons\u00f3rcio Nacional\u00a0Mahindra\u00a0e descubra a melhor forma de adquirir o seu trator, que \u00e9 o mais vendido no mundo!<\/p>\t\t\t\t\t\t\t\t<\/div>\n\t\t\t\t<\/div>\n\t\t\t\t<div class=\"elementor-element elementor-element-dfba952 elementor-widget elementor-widget-button\" data-id=\"dfba952\" data-element_type=\"widget\" data-e-type=\"widget\" data-widget_type=\"button.default\">\n\t\t\t\t<div class=\"elementor-widget-container\">\n\t\t\t\t\t\t\t\t\t<div class=\"elementor-button-wrapper\">\n\t\t\t\t\t<a class=\"elementor-button elementor-button-link elementor-size-sm elementor-animation-hang\" href=\"#elementor-action%3Aaction%3Dpopup%3Aopen%26settings%3DeyJpZCI6IjcwNSIsInRvZ2dsZSI6ZmFsc2V9\">\n\t\t\t\t\t\t<span class=\"elementor-button-content-wrapper\">\n\t\t\t\t\t\t\t\t\t<span class=\"elementor-button-text\">Falar com consultor<\/span>\n\t\t\t\t\t<\/span>\n\t\t\t\t\t<\/a>\n\t\t\t\t<\/div>\n\t\t\t\t\t\t\t\t<\/div>\n\t\t\t\t<\/div>\n\t\t\t\t\t<\/div>\n\t\t\t\t<\/div>\n\t\t\t\t<\/div>\n\t\t","protected":false},"excerpt":{"rendered":"<p>Cons\u00f3rcio em at\u00e9 120 MESES SEM JUROS SEM TAXA de ades\u00e3o Uma maneira mais simples e \u00e1gil para aquisi\u00e7\u00e3o dos tratores Mahindra e equipamentos agr\u00edcolas. Para voc\u00ea, amigo cliente, que programa o seu futuro e exige um parceiro de confian\u00e7a, o Cons\u00f3rcio Nacional Mahindra \u00e9 a melhor das op\u00e7\u00f5es. Com planos de at\u00e9 120 meses [&hellip;]<\/p>\n","protected":false},"author":2,"featured_media":0,"parent":0,"menu_order":0,"comment_status":"closed","ping_status":"closed","template":"elementor_header_footer","meta":{"footnotes":""},"class_list":["post-1530","page","type-page","status-publish","hentry"],"_links":{"self":[{"href":"https:\/\/www.igatumaquinas.com.br\/mahindra\/wp-json\/wp\/v2\/pages\/1530","targetHints":{"allow":["GET"]}}],"collection":[{"href":"https:\/\/www.igatumaquinas.com.br\/mahindra\/wp-json\/wp\/v2\/pages"}],"about":[{"href":"https:\/\/www.igatumaquinas.com.br\/mahindra\/wp-json\/wp\/v2\/types\/page"}],"author":[{"embeddable":true,"href":"https:\/\/www.igatumaquinas.com.br\/mahindra\/wp-json\/wp\/v2\/users\/2"}],"replies":[{"embeddable":true,"href":"https:\/\/www.igatumaquinas.com.br\/mahindra\/wp-json\/wp\/v2\/comments?post=1530"}],"version-history":[{"count":31,"href":"https:\/\/www.igatumaquinas.com.br\/mahindra\/wp-json\/wp\/v2\/pages\/1530\/revisions"}],"predecessor-version":[{"id":1700,"href":"https:\/\/www.igatumaquinas.com.br\/mahindra\/wp-json\/wp\/v2\/pages\/1530\/revisions\/1700"}],"wp:attachment":[{"href":"https:\/\/www.igatumaquinas.com.br\/mahindra\/wp-json\/wp\/v2\/media?parent=1530"}],"curies":[{"name":"wp","href":"https:\/\/api.w.org\/{rel}","templated":true}]}}